{"id":16558,"date":"2024-08-25T13:05:19","date_gmt":"2024-08-25T11:05:19","guid":{"rendered":"https:\/\/drawtut.com\/?page_id=16558"},"modified":"2024-08-25T13:20:40","modified_gmt":"2024-08-25T11:20:40","slug":"kontakt-kooperation","status":"publish","type":"page","link":"https:\/\/drawtut.com\/de\/uber-drawtut\/kooperation\/kontakt-kooperation\/","title":{"rendered":"Kontakt Kooperation"},"content":{"rendered":"\t\t<div data-elementor-type=\"wp-page\" data-elementor-id=\"16558\" class=\"elementor elementor-16558\">\n\t\t\t\t\t\t<section class=\"elementor-section elementor-top-section elementor-element elementor-element-626b683b elementor-section-stretched elementor-section-boxed elementor-section-height-default elementor-section-height-default\" data-id=\"626b683b\" data-element_type=\"section\" data-settings=\"{&quot;stretch_section&quot;:&quot;section-stretched&quot;,&quot;background_background&quot;:&quot;classic&quot;}\">\n\t\t\t\t\t\t\t<div class=\"elementor-background-overlay\"><\/div>\n\t\t\t\t\t\t\t<div class=\"elementor-container elementor-column-gap-default\">\n\t\t\t\t\t<div class=\"elementor-column elementor-col-100 elementor-top-column elementor-element elementor-element-1dd32ec4\" data-id=\"1dd32ec4\" data-element_type=\"column\">\n\t\t\t<div class=\"elementor-widget-wrap elementor-element-populated\">\n\t\t\t\t\t\t<section class=\"elementor-section elementor-inner-section elementor-element elementor-element-18d8259e elementor-section-boxed elementor-section-height-default elementor-section-height-default\" data-id=\"18d8259e\" data-element_type=\"section\">\n\t\t\t\t\t\t<div class=\"elementor-container elementor-column-gap-default\">\n\t\t\t\t\t<div class=\"elementor-column elementor-col-100 elementor-inner-column elementor-element elementor-element-1c272426\" data-id=\"1c272426\" data-element_type=\"column\">\n\t\t\t<div class=\"elementor-widget-wrap elementor-element-populated\">\n\t\t\t\t\t\t<div class=\"elementor-element elementor-element-67103518 elementor-widget elementor-widget-heading\" data-id=\"67103518\" data-element_type=\"widget\" data-widget_type=\"heading.default\">\n\t\t\t\t<div class=\"elementor-widget-container\">\n\t\t\t\t\t<h1 class=\"elementor-heading-title elementor-size-default\">Kooperation mit DrawTut<\/h1>\t\t\t\t<\/div>\n\t\t\t\t<\/div>\n\t\t\t\t<div class=\"elementor-element elementor-element-654dc601 elementor-widget elementor-widget-text-editor\" data-id=\"654dc601\" data-element_type=\"widget\" data-widget_type=\"text-editor.default\">\n\t\t\t\t<div class=\"elementor-widget-container\">\n\t\t\t\t\t\t\t\t\t<p style=\"text-align: left;\">Teile mir mit, welches Produkt oder Leistung du gerne vorstellen w\u00fcrdest. Ich bin gespannt, was wir zusammen erreichen k\u00f6nnen!<\/p>\t\t\t\t\t\t\t\t<\/div>\n\t\t\t\t<\/div>\n\t\t\t\t\t<\/div>\n\t\t<\/div>\n\t\t\t\t\t<\/div>\n\t\t<\/section>\n\t\t\t\t\t<\/div>\n\t\t<\/div>\n\t\t\t\t\t<\/div>\n\t\t<\/section>\n\t\t\t\t<section class=\"elementor-section elementor-top-section elementor-element elementor-element-4fee9341 elementor-section-boxed elementor-section-height-default elementor-section-height-default\" data-id=\"4fee9341\" data-element_type=\"section\">\n\t\t\t\t\t\t<div class=\"elementor-container elementor-column-gap-default\">\n\t\t\t\t\t<div class=\"elementor-column elementor-col-100 elementor-top-column elementor-element elementor-element-45fd76bf\" data-id=\"45fd76bf\" data-element_type=\"column\" data-settings=\"{&quot;background_background&quot;:&quot;classic&quot;}\">\n\t\t\t<div class=\"elementor-widget-wrap elementor-element-populated\">\n\t\t\t\t\t\t<div class=\"elementor-element elementor-element-54137301 elementor-widget elementor-widget-heading\" data-id=\"54137301\" data-element_type=\"widget\" data-widget_type=\"heading.default\">\n\t\t\t\t<div class=\"elementor-widget-container\">\n\t\t\t\t\t<h3 class=\"elementor-heading-title elementor-size-default\"><a href=\"https:\/\/drawtut.com\/de\/kurse\/grundlagen\/\">Einfach das Formular ausf\u00fcllen und gemeinsam mehr erreichen<\/a><\/h3>\t\t\t\t<\/div>\n\t\t\t\t<\/div>\n\t\t\t\t<div class=\"elementor-element elementor-element-baa52a0 elementor-widget elementor-widget-shortcode\" data-id=\"baa52a0\" data-element_type=\"widget\" data-widget_type=\"shortcode.default\">\n\t\t\t\t<div class=\"elementor-widget-container\">\n\t\t\t\t\t\t\t<div class=\"elementor-shortcode\"><div class=\"wpforms-container wpforms-container-full\" id=\"wpforms-16560\"><form id=\"wpforms-form-16560\" class=\"wpforms-validate wpforms-form\" data-formid=\"16560\" method=\"post\" enctype=\"multipart\/form-data\" action=\"\/de\/wp-json\/wp\/v2\/pages\/16558\" data-token=\"d9ed06894b875cb89ebaeef6b66feb5d\" data-token-time=\"1775559723\"><noscript class=\"wpforms-error-noscript\">Bitte aktiviere JavaScript in deinem Browser, um dieses Formular fertigzustellen.<\/noscript><div class=\"wpforms-field-container\"><div id=\"wpforms-16560-field_7-container\" class=\"wpforms-field wpforms-field-name\" data-field-id=\"7\"><label class=\"wpforms-field-label\">Name <span class=\"wpforms-required-label\">*<\/span><\/label><div class=\"wpforms-field-row wpforms-field-medium\"><div class=\"wpforms-field-row-block wpforms-first wpforms-one-half\"><input type=\"text\" id=\"wpforms-16560-field_7\" class=\"wpforms-field-name-first wpforms-field-required\" name=\"wpforms[fields][7][first]\" required><label for=\"wpforms-16560-field_7\" class=\"wpforms-field-sublabel after\">Vorname<\/label><\/div><div class=\"wpforms-field-row-block wpforms-one-half\"><input type=\"text\" id=\"wpforms-16560-field_7-last\" class=\"wpforms-field-name-last wpforms-field-required\" name=\"wpforms[fields][7][last]\" required><label for=\"wpforms-16560-field_7-last\" class=\"wpforms-field-sublabel after\">Nachname<\/label><\/div><\/div><\/div><div id=\"wpforms-16560-field_3-container\" class=\"wpforms-field wpforms-field-email\" data-field-id=\"3\"><label class=\"wpforms-field-label\" for=\"wpforms-16560-field_3\">E-Mail-Adresse <span class=\"wpforms-required-label\">*<\/span><\/label><input type=\"email\" id=\"wpforms-16560-field_3\" class=\"wpforms-field-medium wpforms-field-required\" name=\"wpforms[fields][3]\" spellcheck=\"false\" required><\/div><div id=\"wpforms-16560-field_8-container\" class=\"wpforms-field wpforms-field-text\" data-field-id=\"8\"><label class=\"wpforms-field-label\" for=\"wpforms-16560-field_8\">Telefonnummer<\/label><input type=\"text\" id=\"wpforms-16560-field_8\" class=\"wpforms-field-medium\" name=\"wpforms[fields][8]\" ><div class=\"wpforms-field-description\">Teile mir gerne deine Mobilnummer mit, damit wir einfach per WhatsApp kommunizieren k\u00f6nnen.<\/div><\/div><div id=\"wpforms-16560-field_5-container\" class=\"wpforms-field wpforms-field-textarea\" data-field-id=\"5\"><label class=\"wpforms-field-label\" for=\"wpforms-16560-field_5\">Schreibe mir etwas \u00fcber dein Produkt oder deine Leistung <span class=\"wpforms-required-label\">*<\/span><\/label><textarea id=\"wpforms-16560-field_5\" class=\"wpforms-field-medium wpforms-field-required\" name=\"wpforms[fields][5]\" required><\/textarea><div class=\"wpforms-field-description\">Teile mir hier deine Idee f\u00fcr eine gemeinsame Kooperation mit. Ich bin schon gespannt, welche Neuerungen dein Unternehmen zu bieten hat.<\/div><\/div><\/div><!-- .wpforms-field-container --><div class=\"wpforms-field wpforms-field-hp\"><label for=\"wpforms-16560-field-hp\" class=\"wpforms-field-label\">Comment<\/label><input type=\"text\" name=\"wpforms[hp]\" id=\"wpforms-16560-field-hp\" class=\"wpforms-field-medium\"><\/div><div class=\"wpforms-recaptcha-container wpforms-is-recaptcha wpforms-is-recaptcha-type-invisible\" ><div class=\"g-recaptcha\" data-sitekey=\"6LcibtcZAAAAAE1t4L9J6IC0-YbPN2Eqq36lz0gX\" data-size=\"invisible\"><\/div><\/div><div class=\"wpforms-submit-container\" ><input type=\"hidden\" name=\"wpforms[id]\" value=\"16560\"><input type=\"hidden\" name=\"page_title\" value=\"\"><input type=\"hidden\" name=\"page_url\" value=\"https:\/\/drawtut.com\/de\/wp-json\/wp\/v2\/pages\/16558\"><input type=\"hidden\" name=\"url_referer\" value=\"\"><button type=\"submit\" name=\"wpforms[submit]\" id=\"wpforms-submit-16560\" class=\"wpforms-submit\" data-alt-text=\"Sende...\" data-submit-text=\"Absenden\" aria-live=\"assertive\" value=\"wpforms-submit\">Absenden<\/button><\/div><\/form><\/div>  <!-- .wpforms-container --><\/div>\n\t\t\t\t\t\t<\/div>\n\t\t\t\t<\/div>\n\t\t\t\t\t<\/div>\n\t\t<\/div>\n\t\t\t\t\t<\/div>\n\t\t<\/section>\n\t\t\t\t<section class=\"elementor-section elementor-top-section elementor-element elementor-element-5f8dd679 elementor-section-boxed elementor-section-height-default elementor-section-height-default\" data-id=\"5f8dd679\" data-element_type=\"section\">\n\t\t\t\t\t\t<div class=\"elementor-container elementor-column-gap-default\">\n\t\t\t\t\t<div class=\"elementor-column elementor-col-100 elementor-top-column elementor-element elementor-element-46ec2a9\" data-id=\"46ec2a9\" data-element_type=\"column\">\n\t\t\t<div class=\"elementor-widget-wrap elementor-element-populated\">\n\t\t\t\t\t\t<div class=\"elementor-element elementor-element-affb588 elementor-widget elementor-widget-heading\" data-id=\"affb588\" data-element_type=\"widget\" data-widget_type=\"heading.default\">\n\t\t\t\t<div class=\"elementor-widget-container\">\n\t\t\t\t\t<h2 class=\"elementor-heading-title elementor-size-default\">Folge DrawTut auch hier<\/h2>\t\t\t\t<\/div>\n\t\t\t\t<\/div>\n\t\t\t\t<div class=\"elementor-element elementor-element-84e5ac1 elementor-widget elementor-widget-text-editor\" data-id=\"84e5ac1\" data-element_type=\"widget\" data-widget_type=\"text-editor.default\">\n\t\t\t\t<div class=\"elementor-widget-container\">\n\t\t\t\t\t\t\t\t\t<p style=\"text-align: center;\">Es gibt viele M\u00f6glichkeiten, Menschen zum Zeichnen zu motivieren. Deshalb nutze ich m\u00f6glichst viele davon, um dir t\u00e4glich neue Ideen und Inspirationen zum Zeichnen zu liefern. Du kannst mir auf den folgenden Kan\u00e4len folgen, um keine Updates zu verpassen.<\/p>\t\t\t\t\t\t\t\t<\/div>\n\t\t\t\t<\/div>\n\t\t\t\t<div class=\"elementor-element elementor-element-709ecb64 elementor-grid-6 elementor-shape-rounded e-grid-align-center elementor-widget elementor-widget-social-icons\" data-id=\"709ecb64\" data-element_type=\"widget\" data-widget_type=\"social-icons.default\">\n\t\t\t\t<div class=\"elementor-widget-container\">\n\t\t\t\t\t\t\t<div class=\"elementor-social-icons-wrapper elementor-grid\" role=\"list\">\n\t\t\t\t\t\t\t<span class=\"elementor-grid-item\" role=\"listitem\">\n\t\t\t\t\t<a class=\"elementor-icon elementor-social-icon elementor-social-icon-envelope elementor-animation-bounce-in elementor-repeater-item-98fe452\" href=\"https:\/\/drawtut.com\/de\/newsletter\/\">\n\t\t\t\t\t\t<span class=\"elementor-screen-only\">Envelope<\/span>\n\t\t\t\t\t\t<i class=\"fas fa-envelope\"><\/i>\t\t\t\t\t<\/a>\n\t\t\t\t<\/span>\n\t\t\t\t\t\t\t<span class=\"elementor-grid-item\" role=\"listitem\">\n\t\t\t\t\t<a class=\"elementor-icon elementor-social-icon elementor-social-icon-youtube elementor-animation-bounce-in elementor-repeater-item-6f7984f\" href=\"https:\/\/www.youtube.com\/channel\/UC8OqMUxRM0K6EtHdO8xqyuQ\" target=\"_blank\">\n\t\t\t\t\t\t<span class=\"elementor-screen-only\">Youtube<\/span>\n\t\t\t\t\t\t<i class=\"fab fa-youtube\"><\/i>\t\t\t\t\t<\/a>\n\t\t\t\t<\/span>\n\t\t\t\t\t\t\t<span class=\"elementor-grid-item\" role=\"listitem\">\n\t\t\t\t\t<a class=\"elementor-icon elementor-social-icon elementor-social-icon-instagram elementor-animation-bounce-in elementor-repeater-item-491345d\" href=\"https:\/\/www.instagram.com\/drawtut_de\/?hl=de\" target=\"_blank\">\n\t\t\t\t\t\t<span class=\"elementor-screen-only\">Instagram<\/span>\n\t\t\t\t\t\t<i class=\"fab fa-instagram\"><\/i>\t\t\t\t\t<\/a>\n\t\t\t\t<\/span>\n\t\t\t\t\t\t\t<span class=\"elementor-grid-item\" role=\"listitem\">\n\t\t\t\t\t<a class=\"elementor-icon elementor-social-icon elementor-social-icon- elementor-animation-bounce-in elementor-repeater-item-2a18aa4\" href=\"https:\/\/www.tiktok.com\/@drawtut\" target=\"_blank\">\n\t\t\t\t\t\t<span class=\"elementor-screen-only\"><\/span>\n\t\t\t\t\t\t<svg xmlns=\"http:\/\/www.w3.org\/2000\/svg\" xmlns:xlink=\"http:\/\/www.w3.org\/1999\/xlink\" xmlns:serif=\"http:\/\/www.serif.com\/\" width=\"100%\" height=\"100%\" viewBox=\"0 0 512 512\" xml:space=\"preserve\" style=\"fill-rule:evenodd;clip-rule:evenodd;stroke-linejoin:round;stroke-miterlimit:2;\">    <path d=\"M256,0C397.384,0 512,114.616 512,256C512,397.384 397.384,512 256,512C114.616,512 0,397.384 0,256C0,114.616 114.616,0 256,0ZM338.937,174.75C324.323,165.226 313.785,149.979 310.492,132.215C309.766,128.313 309.397,124.353 309.39,120.384L262.759,120.384L262.684,307.261C261.901,328.189 244.675,344.985 223.565,344.985C217.227,344.988 210.983,343.442 205.379,340.482C192.901,333.917 184.363,320.841 184.363,305.791C184.363,284.177 201.951,266.59 223.557,266.59C227.592,266.59 231.464,267.257 235.123,268.399L235.123,220.796C231.334,220.279 227.483,219.96 223.557,219.96C176.234,219.959 137.733,258.459 137.733,305.791C137.733,334.828 152.237,360.524 174.376,376.063C188.316,385.854 205.277,391.616 223.565,391.616C270.889,391.616 309.39,353.116 309.39,305.791L309.39,211.026C327.678,224.15 350.088,231.885 374.267,231.885L374.267,185.254C361.245,185.254 349.115,181.384 338.937,174.75Z\"><\/path><\/svg>\t\t\t\t\t<\/a>\n\t\t\t\t<\/span>\n\t\t\t\t\t\t\t<span class=\"elementor-grid-item\" role=\"listitem\">\n\t\t\t\t\t<a class=\"elementor-icon elementor-social-icon elementor-social-icon-pinterest elementor-animation-bounce-in elementor-repeater-item-85290f2\" href=\"https:\/\/www.pinterest.de\/DrawTutor\/\" target=\"_blank\">\n\t\t\t\t\t\t<span class=\"elementor-screen-only\">Pinterest<\/span>\n\t\t\t\t\t\t<i class=\"fab fa-pinterest\"><\/i>\t\t\t\t\t<\/a>\n\t\t\t\t<\/span>\n\t\t\t\t\t\t\t<span class=\"elementor-grid-item\" role=\"listitem\">\n\t\t\t\t\t<a class=\"elementor-icon elementor-social-icon elementor-social-icon-facebook elementor-animation-bounce-in elementor-repeater-item-6db114d\" href=\"https:\/\/www.facebook.com\/DrawTutor\/\" target=\"_blank\">\n\t\t\t\t\t\t<span class=\"elementor-screen-only\">Facebook<\/span>\n\t\t\t\t\t\t<i class=\"fab fa-facebook\"><\/i>\t\t\t\t\t<\/a>\n\t\t\t\t<\/span>\n\t\t\t\t\t<\/div>\n\t\t\t\t\t\t<\/div>\n\t\t\t\t<\/div>\n\t\t\t\t\t<\/div>\n\t\t<\/div>\n\t\t\t\t\t<\/div>\n\t\t<\/section>\n\t\t\t\t<\/div>\n\t\t","protected":false},"excerpt":{"rendered":"<p>Kooperation mit DrawTut Teile mir mit, welches Produkt oder Leistung du gerne vorstellen w\u00fcrdest. Ich bin gespannt, was wir zusammen erreichen k\u00f6nnen! Einfach das Formular ausf\u00fcllen und gemeinsam mehr erreichen&#8230; <\/p>\n","protected":false},"author":1,"featured_media":0,"parent":16527,"menu_order":1,"comment_status":"closed","ping_status":"closed","template":"elementor_header_footer","meta":{"_monsterinsights_skip_tracking":false,"_monsterinsights_sitenote_active":false,"_monsterinsights_sitenote_note":"","_monsterinsights_sitenote_category":0,"footnotes":""},"class_list":["post-16558","page","type-page","status-publish","hentry"],"yoast_head":"<!-- This site is optimized with the Yoast SEO plugin v25.6 - https:\/\/yoast.com\/wordpress\/plugins\/seo\/ -->\n<title>Kontakt f\u00fcr Kooperationen<\/title>\n<meta name=\"robots\" content=\"noindex, nofollow\" \/>\n<meta property=\"og:locale\" content=\"de_DE\" \/>\n<meta property=\"og:type\" content=\"article\" \/>\n<meta property=\"og:title\" content=\"Kontakt f\u00fcr Kooperationen\" \/>\n<meta property=\"og:description\" content=\"Kooperation mit DrawTut Teile mir mit, welches Produkt oder Leistung du gerne vorstellen w\u00fcrdest. Ich bin gespannt, was wir zusammen erreichen k\u00f6nnen! Einfach das Formular ausf\u00fcllen und gemeinsam mehr erreichen...\" \/>\n<meta property=\"og:url\" content=\"https:\/\/drawtut.com\/de\/uber-drawtut\/kooperation\/kontakt-kooperation\/\" \/>\n<meta property=\"og:site_name\" content=\"DrawTut - Drawing Tutorials\" \/>\n<meta property=\"article:publisher\" content=\"https:\/\/www.facebook.com\/DrawTutor\/\" \/>\n<meta property=\"article:modified_time\" content=\"2024-08-25T11:20:40+00:00\" \/>\n<meta name=\"twitter:card\" content=\"summary_large_image\" \/>\n<meta name=\"twitter:label1\" content=\"Gesch\u00e4tzte Lesezeit\" \/>\n\t<meta name=\"twitter:data1\" content=\"1\u00a0Minute\" \/>\n<script type=\"application\/ld+json\" class=\"yoast-schema-graph\">{\"@context\":\"https:\/\/schema.org\",\"@graph\":[{\"@type\":\"WebPage\",\"@id\":\"https:\/\/drawtut.com\/de\/uber-drawtut\/kooperation\/kontakt-kooperation\/\",\"url\":\"https:\/\/drawtut.com\/de\/uber-drawtut\/kooperation\/kontakt-kooperation\/\",\"name\":\"Kontakt f\u00fcr Kooperationen\",\"isPartOf\":{\"@id\":\"https:\/\/drawtut.com\/de\/#website\"},\"datePublished\":\"2024-08-25T11:05:19+00:00\",\"dateModified\":\"2024-08-25T11:20:40+00:00\",\"breadcrumb\":{\"@id\":\"https:\/\/drawtut.com\/de\/uber-drawtut\/kooperation\/kontakt-kooperation\/#breadcrumb\"},\"inLanguage\":\"de\",\"potentialAction\":[{\"@type\":\"ReadAction\",\"target\":[\"https:\/\/drawtut.com\/de\/uber-drawtut\/kooperation\/kontakt-kooperation\/\"]}]},{\"@type\":\"BreadcrumbList\",\"@id\":\"https:\/\/drawtut.com\/de\/uber-drawtut\/kooperation\/kontakt-kooperation\/#breadcrumb\",\"itemListElement\":[{\"@type\":\"ListItem\",\"position\":1,\"name\":\"DrawTut\",\"item\":\"https:\/\/drawtut.com\/de\/\"},{\"@type\":\"ListItem\",\"position\":2,\"name\":\"\u00dcber DrawTut\",\"item\":\"https:\/\/drawtut.com\/de\/uber-drawtut\/\"},{\"@type\":\"ListItem\",\"position\":3,\"name\":\"Kooperation\",\"item\":\"https:\/\/drawtut.com\/de\/uber-drawtut\/kooperation\/\"},{\"@type\":\"ListItem\",\"position\":4,\"name\":\"Kontakt Kooperation\"}]},{\"@type\":\"WebSite\",\"@id\":\"https:\/\/drawtut.com\/de\/#website\",\"url\":\"https:\/\/drawtut.com\/de\/\",\"name\":\"DrawTut - Drawing Tutorials\",\"description\":\"Learn Hot To Draw - Tutrials, Courses and more\",\"potentialAction\":[{\"@type\":\"SearchAction\",\"target\":{\"@type\":\"EntryPoint\",\"urlTemplate\":\"https:\/\/drawtut.com\/de\/?s={search_term_string}\"},\"query-input\":{\"@type\":\"PropertyValueSpecification\",\"valueRequired\":true,\"valueName\":\"search_term_string\"}}],\"inLanguage\":\"de\"}]}<\/script>\n<!-- \/ Yoast SEO plugin. -->","yoast_head_json":{"title":"Kontakt f\u00fcr Kooperationen","robots":{"index":"noindex","follow":"nofollow"},"og_locale":"de_DE","og_type":"article","og_title":"Kontakt f\u00fcr Kooperationen","og_description":"Kooperation mit DrawTut Teile mir mit, welches Produkt oder Leistung du gerne vorstellen w\u00fcrdest. Ich bin gespannt, was wir zusammen erreichen k\u00f6nnen! Einfach das Formular ausf\u00fcllen und gemeinsam mehr erreichen...","og_url":"https:\/\/drawtut.com\/de\/uber-drawtut\/kooperation\/kontakt-kooperation\/","og_site_name":"DrawTut - Drawing Tutorials","article_publisher":"https:\/\/www.facebook.com\/DrawTutor\/","article_modified_time":"2024-08-25T11:20:40+00:00","twitter_card":"summary_large_image","twitter_misc":{"Gesch\u00e4tzte Lesezeit":"1\u00a0Minute"},"schema":{"@context":"https:\/\/schema.org","@graph":[{"@type":"WebPage","@id":"https:\/\/drawtut.com\/de\/uber-drawtut\/kooperation\/kontakt-kooperation\/","url":"https:\/\/drawtut.com\/de\/uber-drawtut\/kooperation\/kontakt-kooperation\/","name":"Kontakt f\u00fcr Kooperationen","isPartOf":{"@id":"https:\/\/drawtut.com\/de\/#website"},"datePublished":"2024-08-25T11:05:19+00:00","dateModified":"2024-08-25T11:20:40+00:00","breadcrumb":{"@id":"https:\/\/drawtut.com\/de\/uber-drawtut\/kooperation\/kontakt-kooperation\/#breadcrumb"},"inLanguage":"de","potentialAction":[{"@type":"ReadAction","target":["https:\/\/drawtut.com\/de\/uber-drawtut\/kooperation\/kontakt-kooperation\/"]}]},{"@type":"BreadcrumbList","@id":"https:\/\/drawtut.com\/de\/uber-drawtut\/kooperation\/kontakt-kooperation\/#breadcrumb","itemListElement":[{"@type":"ListItem","position":1,"name":"DrawTut","item":"https:\/\/drawtut.com\/de\/"},{"@type":"ListItem","position":2,"name":"\u00dcber DrawTut","item":"https:\/\/drawtut.com\/de\/uber-drawtut\/"},{"@type":"ListItem","position":3,"name":"Kooperation","item":"https:\/\/drawtut.com\/de\/uber-drawtut\/kooperation\/"},{"@type":"ListItem","position":4,"name":"Kontakt Kooperation"}]},{"@type":"WebSite","@id":"https:\/\/drawtut.com\/de\/#website","url":"https:\/\/drawtut.com\/de\/","name":"DrawTut - Drawing Tutorials","description":"Learn Hot To Draw - Tutrials, Courses and more","potentialAction":[{"@type":"SearchAction","target":{"@type":"EntryPoint","urlTemplate":"https:\/\/drawtut.com\/de\/?s={search_term_string}"},"query-input":{"@type":"PropertyValueSpecification","valueRequired":true,"valueName":"search_term_string"}}],"inLanguage":"de"}]}},"_links":{"self":[{"href":"https:\/\/drawtut.com\/de\/wp-json\/wp\/v2\/pages\/16558","targetHints":{"allow":["GET"]}}],"collection":[{"href":"https:\/\/drawtut.com\/de\/wp-json\/wp\/v2\/pages"}],"about":[{"href":"https:\/\/drawtut.com\/de\/wp-json\/wp\/v2\/types\/page"}],"author":[{"embeddable":true,"href":"https:\/\/drawtut.com\/de\/wp-json\/wp\/v2\/users\/1"}],"replies":[{"embeddable":true,"href":"https:\/\/drawtut.com\/de\/wp-json\/wp\/v2\/comments?post=16558"}],"version-history":[{"count":8,"href":"https:\/\/drawtut.com\/de\/wp-json\/wp\/v2\/pages\/16558\/revisions"}],"predecessor-version":[{"id":16584,"href":"https:\/\/drawtut.com\/de\/wp-json\/wp\/v2\/pages\/16558\/revisions\/16584"}],"up":[{"embeddable":true,"href":"https:\/\/drawtut.com\/de\/wp-json\/wp\/v2\/pages\/16527"}],"wp:attachment":[{"href":"https:\/\/drawtut.com\/de\/wp-json\/wp\/v2\/media?parent=16558"}],"curies":[{"name":"wp","href":"https:\/\/api.w.org\/{rel}","templated":true}]}}