{"id":3999,"date":"2019-12-12T17:00:12","date_gmt":"2019-12-12T16:00:12","guid":{"rendered":"https:\/\/drawtut.com\/?page_id=3999"},"modified":"2022-04-23T13:45:58","modified_gmt":"2022-04-23T11:45:58","slug":"pinsel-nutzen-gruppieren-und-erstellen","status":"publish","type":"page","link":"https:\/\/drawtut.com\/de\/software\/krita\/pinsel-nutzen-gruppieren-und-erstellen\/","title":{"rendered":"Pinsel nutzen, gruppieren und erstellen"},"content":{"rendered":"\t\t<div data-elementor-type=\"wp-post\" data-elementor-id=\"3999\" class=\"elementor elementor-3999\">\n\t\t\t\t\t\t<section class=\"elementor-section elementor-top-section elementor-element elementor-element-86eef21 elementor-section-stretched elementor-section-boxed elementor-section-height-default elementor-section-height-default\" data-id=\"86eef21\" data-element_type=\"section\" data-settings=\"{&quot;background_background&quot;:&quot;classic&quot;,&quot;stretch_section&quot;:&quot;section-stretched&quot;}\">\n\t\t\t\t\t\t<div class=\"elementor-container elementor-column-gap-default\">\n\t\t\t\t\t<div class=\"elementor-column elementor-col-100 elementor-top-column elementor-element elementor-element-c9e2ac1\" data-id=\"c9e2ac1\" data-element_type=\"column\">\n\t\t\t<div class=\"elementor-widget-wrap elementor-element-populated\">\n\t\t\t\t\t\t<div class=\"elementor-element elementor-element-441cdcd elementor-widget elementor-widget-heading\" data-id=\"441cdcd\" data-element_type=\"widget\" data-widget_type=\"heading.default\">\n\t\t\t\t<div class=\"elementor-widget-container\">\n\t\t\t\t\t<h1 class=\"elementor-heading-title elementor-size-default\">KRITA Tutorial - Pinsel nutzen, gruppieren und erstellen<\/h1>\t\t\t\t<\/div>\n\t\t\t\t<\/div>\n\t\t\t\t<div class=\"elementor-element elementor-element-2b61a04 elementor-widget elementor-widget-heading\" data-id=\"2b61a04\" data-element_type=\"widget\" data-widget_type=\"heading.default\">\n\t\t\t\t<div class=\"elementor-widget-container\">\n\t\t\t\t\t<h2 class=\"elementor-heading-title elementor-size-default\">Verschiedene Pinsel nutzen und deren Eigenschaften bearbeiten <\/h2>\t\t\t\t<\/div>\n\t\t\t\t<\/div>\n\t\t\t\t<div class=\"elementor-element elementor-element-da91fd3 elementor-widget elementor-widget-shortcode\" data-id=\"da91fd3\" data-element_type=\"widget\" data-widget_type=\"shortcode.default\">\n\t\t\t\t<div class=\"elementor-widget-container\">\n\t\t\t\t\t\t\t<div class=\"elementor-shortcode\"><span><span><a href=\"https:\/\/drawtut.com\/de\/\">DrawTut<\/a><\/span><\/span><\/div>\n\t\t\t\t\t\t<\/div>\n\t\t\t\t<\/div>\n\t\t\t\t\t<\/div>\n\t\t<\/div>\n\t\t\t\t\t<\/div>\n\t\t<\/section>\n\t\t\t\t<section class=\"elementor-section elementor-top-section elementor-element elementor-element-1138d75 elementor-section-boxed elementor-section-height-default elementor-section-height-default\" data-id=\"1138d75\" data-element_type=\"section\" data-settings=\"{&quot;background_background&quot;:&quot;classic&quot;}\">\n\t\t\t\t\t\t<div class=\"elementor-container elementor-column-gap-default\">\n\t\t\t\t\t<div class=\"elementor-column elementor-col-50 elementor-top-column elementor-element elementor-element-d4e5b81\" data-id=\"d4e5b81\" data-element_type=\"column\" data-settings=\"{&quot;background_background&quot;:&quot;classic&quot;}\">\n\t\t\t<div class=\"elementor-widget-wrap elementor-element-populated\">\n\t\t\t\t\t\t<div class=\"elementor-element elementor-element-61b6377 elementor-widget elementor-widget-heading\" data-id=\"61b6377\" data-element_type=\"widget\" data-widget_type=\"heading.default\">\n\t\t\t\t<div class=\"elementor-widget-container\">\n\t\t\t\t\t<h3 class=\"elementor-heading-title elementor-size-default\"><a href=\"https:\/\/drawtut.com\/de\/software\/krita\/\">\u25c4 zur\u00fcck<\/a><\/h3>\t\t\t\t<\/div>\n\t\t\t\t<\/div>\n\t\t\t\t<div class=\"elementor-element elementor-element-74acfb8 elementor-widget elementor-widget-heading\" data-id=\"74acfb8\" data-element_type=\"widget\" data-widget_type=\"heading.default\">\n\t\t\t\t<div class=\"elementor-widget-container\">\n\t\t\t\t\t<h3 class=\"elementor-heading-title elementor-size-default\"><a href=\"https:\/\/drawtut.com\/de\/software\/krita\/einfuehrung-erste-schritte\/\">Einf\u00fchrung<\/a><\/h3>\t\t\t\t<\/div>\n\t\t\t\t<\/div>\n\t\t\t\t<div class=\"elementor-element elementor-element-916cab0 elementor-widget elementor-widget-heading\" data-id=\"916cab0\" data-element_type=\"widget\" data-widget_type=\"heading.default\">\n\t\t\t\t<div class=\"elementor-widget-container\">\n\t\t\t\t\t<h3 class=\"elementor-heading-title elementor-size-default\"><a href=\"https:\/\/drawtut.com\/de\/software\/krita\/benutzeroberflaeche-und-dialoge-einstellen\/\">Benutzeroberfl\u00e4che<\/a><\/h3>\t\t\t\t<\/div>\n\t\t\t\t<\/div>\n\t\t\t\t<div class=\"elementor-element elementor-element-018a27c elementor-widget elementor-widget-heading\" data-id=\"018a27c\" data-element_type=\"widget\" data-widget_type=\"heading.default\">\n\t\t\t\t<div class=\"elementor-widget-container\">\n\t\t\t\t\t<h3 class=\"elementor-heading-title elementor-size-default\">Pinsel<\/h3>\t\t\t\t<\/div>\n\t\t\t\t<\/div>\n\t\t\t\t<div class=\"elementor-element elementor-element-ad1f047 elementor-widget elementor-widget-heading\" data-id=\"ad1f047\" data-element_type=\"widget\" data-widget_type=\"heading.default\">\n\t\t\t\t<div class=\"elementor-widget-container\">\n\t\t\t\t\t<h3 class=\"elementor-heading-title elementor-size-default\"><a href=\"https:\/\/drawtut.com\/de\/software\/krita\/pinsel-striche-stabilisieren\/\">Striche stabilisieren<\/a><\/h3>\t\t\t\t<\/div>\n\t\t\t\t<\/div>\n\t\t\t\t<div class=\"elementor-element elementor-element-f690e4b elementor-widget elementor-widget-heading\" data-id=\"f690e4b\" data-element_type=\"widget\" data-widget_type=\"heading.default\">\n\t\t\t\t<div class=\"elementor-widget-container\">\n\t\t\t\t\t<h3 class=\"elementor-heading-title elementor-size-default\"><a href=\"https:\/\/drawtut.com\/de\/software\/krita\/ebenen-erstellen-gruppieren-und-duplizieren\/\">Ebenen<\/a><\/h3>\t\t\t\t<\/div>\n\t\t\t\t<\/div>\n\t\t\t\t<div class=\"elementor-element elementor-element-5b36223 elementor-widget elementor-widget-heading\" data-id=\"5b36223\" data-element_type=\"widget\" data-widget_type=\"heading.default\">\n\t\t\t\t<div class=\"elementor-widget-container\">\n\t\t\t\t\t<h3 class=\"elementor-heading-title elementor-size-default\"><a href=\"https:\/\/drawtut.com\/de\/software\/krita\/vektoren-und-vektorebenen\/\">Vektoren &amp; Vektorebenen<\/a><\/h3>\t\t\t\t<\/div>\n\t\t\t\t<\/div>\n\t\t\t\t<div class=\"elementor-element elementor-element-ea5f4d6 elementor-widget elementor-widget-heading\" data-id=\"ea5f4d6\" data-element_type=\"widget\" data-widget_type=\"heading.default\">\n\t\t\t\t<div class=\"elementor-widget-container\">\n\t\t\t\t\t<h3 class=\"elementor-heading-title elementor-size-default\"><a href=\"https:\/\/drawtut.com\/de\/software\/krita\/masken-clipping-alpha-ebenen\/\">Masken &amp; Clipping<\/a><\/h3>\t\t\t\t<\/div>\n\t\t\t\t<\/div>\n\t\t\t\t<div class=\"elementor-element elementor-element-ca017da elementor-widget elementor-widget-heading\" data-id=\"ca017da\" data-element_type=\"widget\" data-widget_type=\"heading.default\">\n\t\t\t\t<div class=\"elementor-widget-container\">\n\t\t\t\t\t<h3 class=\"elementor-heading-title elementor-size-default\"><a href=\"https:\/\/drawtut.com\/de\/software\/krita\/markierungs-und-auswahlwerkzeuge\/\">Auswahlwerkzeuge<\/a><\/h3>\t\t\t\t<\/div>\n\t\t\t\t<\/div>\n\t\t\t\t<div class=\"elementor-element elementor-element-de75a1f elementor-widget elementor-widget-heading\" data-id=\"de75a1f\" data-element_type=\"widget\" data-widget_type=\"heading.default\">\n\t\t\t\t<div class=\"elementor-widget-container\">\n\t\t\t\t\t<h3 class=\"elementor-heading-title elementor-size-default\"><a href=\"https:\/\/drawtut.com\/de\/software\/krita\/fuellwerkzeuge\/\">F\u00fcllwerkzeuge<\/a><\/h3>\t\t\t\t<\/div>\n\t\t\t\t<\/div>\n\t\t\t\t<div class=\"elementor-element elementor-element-2675ee6 elementor-widget elementor-widget-heading\" data-id=\"2675ee6\" data-element_type=\"widget\" data-widget_type=\"heading.default\">\n\t\t\t\t<div class=\"elementor-widget-container\">\n\t\t\t\t\t<h3 class=\"elementor-heading-title elementor-size-default\"><a href=\"https:\/\/drawtut.com\/de\/software\/krita\/farben-mischen-und-verwischen\/\">Farben mischen<\/a><\/h3>\t\t\t\t<\/div>\n\t\t\t\t<\/div>\n\t\t\t\t<div class=\"elementor-element elementor-element-6772533 elementor-widget elementor-widget-heading\" data-id=\"6772533\" data-element_type=\"widget\" data-widget_type=\"heading.default\">\n\t\t\t\t<div class=\"elementor-widget-container\">\n\t\t\t\t\t<h3 class=\"elementor-heading-title elementor-size-default\"><a href=\"https:\/\/drawtut.com\/de\/software\/krita\/lineale-und-perspektiven\/\">Lineale &amp; Perspektiven<\/a><\/h3>\t\t\t\t<\/div>\n\t\t\t\t<\/div>\n\t\t\t\t<div class=\"elementor-element elementor-element-c78eff0 elementor-widget elementor-widget-heading\" data-id=\"c78eff0\" data-element_type=\"widget\" data-widget_type=\"heading.default\">\n\t\t\t\t<div class=\"elementor-widget-container\">\n\t\t\t\t\t<h3 class=\"elementor-heading-title elementor-size-default\"><a href=\"https:\/\/drawtut.com\/de\/software\/krita\/fotos-bilder-freistellen\/\">Bilder freistellen<\/a><\/h3>\t\t\t\t<\/div>\n\t\t\t\t<\/div>\n\t\t\t\t<div class=\"elementor-element elementor-element-d2013ee elementor-widget elementor-widget-heading\" data-id=\"d2013ee\" data-element_type=\"widget\" data-widget_type=\"heading.default\">\n\t\t\t\t<div class=\"elementor-widget-container\">\n\t\t\t\t\t<h3 class=\"elementor-heading-title elementor-size-default\"><a href=\"https:\/\/drawtut.com\/de\/software\/krita\/zeichnungen-animieren\/\">Animationen erstellen<\/a><\/h3>\t\t\t\t<\/div>\n\t\t\t\t<\/div>\n\t\t\t\t<div class=\"elementor-element elementor-element-2dbd4a7 elementor-widget elementor-widget-heading\" data-id=\"2dbd4a7\" data-element_type=\"widget\" data-widget_type=\"heading.default\">\n\t\t\t\t<div class=\"elementor-widget-container\">\n\t\t\t\t\t<h3 class=\"elementor-heading-title elementor-size-default\"><a href=\"https:\/\/drawtut.com\/de\/software\/krita\/videos-importieren-und-mit-animationen-ergaenzen\/\">Videos animieren<\/a><\/h3>\t\t\t\t<\/div>\n\t\t\t\t<\/div>\n\t\t\t\t\t<\/div>\n\t\t<\/div>\n\t\t\t\t<div class=\"elementor-column elementor-col-50 elementor-top-column elementor-element elementor-element-34b968b\" data-id=\"34b968b\" data-element_type=\"column\" data-settings=\"{&quot;background_background&quot;:&quot;classic&quot;}\">\n\t\t\t<div class=\"elementor-widget-wrap elementor-element-populated\">\n\t\t\t\t\t\t<div class=\"elementor-element elementor-element-c5b2323 elementor-widget elementor-widget-video\" data-id=\"c5b2323\" data-element_type=\"widget\" data-settings=\"{&quot;youtube_url&quot;:&quot;https:\\\/\\\/www.youtube.com\\\/watch?v=KpqlID9jjFk&quot;,&quot;show_image_overlay&quot;:&quot;yes&quot;,&quot;image_overlay&quot;:{&quot;url&quot;:&quot;https:\\\/\\\/drawtut.com\\\/wp-content\\\/uploads\\\/2022\\\/02\\\/Krita-Pinsel-nutzen.jpeg&quot;,&quot;id&quot;:12224,&quot;size&quot;:&quot;&quot;,&quot;alt&quot;:&quot;Krita Pinsel nutzen&quot;,&quot;source&quot;:&quot;library&quot;},&quot;video_type&quot;:&quot;youtube&quot;,&quot;controls&quot;:&quot;yes&quot;}\" data-widget_type=\"video.default\">\n\t\t\t\t<div class=\"elementor-widget-container\">\n\t\t\t\t\t\t\t<div class=\"elementor-wrapper elementor-open-inline\">\n\t\t\t<div class=\"elementor-video\"><\/div>\t\t\t\t<div class=\"elementor-custom-embed-image-overlay\" style=\"background-image: url(https:\/\/drawtut.com\/wp-content\/uploads\/2022\/02\/Krita-Pinsel-nutzen.jpeg);\">\n\t\t\t\t\t\t\t\t\t\t\t\t\t\t\t\t<div class=\"elementor-custom-embed-play\" role=\"button\" aria-label=\"Play Video about Krita Pinsel nutzen\" tabindex=\"0\">\n\t\t\t\t\t\t\t<i aria-hidden=\"true\" class=\"eicon-play\"><\/i>\t\t\t\t\t\t<\/div>\n\t\t\t\t\t\t\t\t\t<\/div>\n\t\t\t\t\t<\/div>\n\t\t\t\t\t\t<\/div>\n\t\t\t\t<\/div>\n\t\t\t\t<div class=\"elementor-element elementor-element-0fff58f elementor-widget elementor-widget-text-editor\" data-id=\"0fff58f\" data-element_type=\"widget\" data-widget_type=\"text-editor.default\">\n\t\t\t\t<div class=\"elementor-widget-container\">\n\t\t\t\t\t\t\t\t\tIn diesem Tutorial gehen wir auf die folgenden Punkte im Hinblick auf die Pinsel ein:\nPinsel Eigenschaften, Pinselgruppen verwalten, Unterschiedliche Pinsel f\u00fcr verschiedene Aufgaben, Pinsel selber erstellen und Pinsel importieren.\t\t\t\t\t\t\t\t<\/div>\n\t\t\t\t<\/div>\n\t\t\t\t\t<\/div>\n\t\t<\/div>\n\t\t\t\t\t<\/div>\n\t\t<\/section>\n\t\t\t\t<section class=\"elementor-section elementor-top-section elementor-element elementor-element-5fe3bd0 elementor-section-boxed elementor-section-height-default elementor-section-height-default\" data-id=\"5fe3bd0\" data-element_type=\"section\">\n\t\t\t\t\t\t<div class=\"elementor-container elementor-column-gap-default\">\n\t\t\t\t\t<div class=\"elementor-column elementor-col-100 elementor-top-column elementor-element elementor-element-d064db9\" data-id=\"d064db9\" data-element_type=\"column\">\n\t\t\t<div class=\"elementor-widget-wrap elementor-element-populated\">\n\t\t\t\t\t\t<section class=\"elementor-section elementor-inner-section elementor-element elementor-element-e9efeb7 elementor-section-boxed elementor-section-height-default elementor-section-height-default\" data-id=\"e9efeb7\" data-element_type=\"section\" data-settings=\"{&quot;background_background&quot;:&quot;classic&quot;}\">\n\t\t\t\t\t\t<div class=\"elementor-container elementor-column-gap-default\">\n\t\t\t\t\t<div class=\"elementor-column elementor-col-50 elementor-inner-column elementor-element elementor-element-d39eb21\" data-id=\"d39eb21\" data-element_type=\"column\">\n\t\t\t<div class=\"elementor-widget-wrap elementor-element-populated\">\n\t\t\t\t\t\t<div class=\"elementor-element elementor-element-fd9daad elementor-widget elementor-widget-heading\" data-id=\"fd9daad\" data-element_type=\"widget\" data-widget_type=\"heading.default\">\n\t\t\t\t<div class=\"elementor-widget-container\">\n\t\t\t\t\t<h3 class=\"elementor-heading-title elementor-size-default\"><a href=\"https:\/\/drawtut.com\/de\/kurse\/digitales-zeichnen\/\">Starte jetzt durch und lerne digital Zeichnen!<\/a><\/h3>\t\t\t\t<\/div>\n\t\t\t\t<\/div>\n\t\t\t\t<div class=\"elementor-element elementor-element-14b5fb0 elementor-widget elementor-widget-text-editor\" data-id=\"14b5fb0\" data-element_type=\"widget\" data-widget_type=\"text-editor.default\">\n\t\t\t\t<div class=\"elementor-widget-container\">\n\t\t\t\t\t\t\t\t\t<p>Mit diesem <b>Online-Kurs<\/b>\u00a0lernst du beeindruckende <b>Bilder am Tablet oder PC zu zeichnen<\/b>. Hier bekommst du alle <b>Grundlagen, viele Tipps und umfangreiche Praxis\u00fcbungen<\/b>. Starte jetzt und werde zum Profi!<\/p>\t\t\t\t\t\t\t\t<\/div>\n\t\t\t\t<\/div>\n\t\t\t\t<div class=\"elementor-element elementor-element-4d62aa4 elementor-button-danger elementor-align-justify elementor-widget elementor-widget-button\" data-id=\"4d62aa4\" data-element_type=\"widget\" data-widget_type=\"button.default\">\n\t\t\t\t<div class=\"elementor-widget-container\">\n\t\t\t\t\t\t\t\t\t<div class=\"elementor-button-wrapper\">\n\t\t\t\t\t<a class=\"elementor-button elementor-button-link elementor-size-sm\" href=\"https:\/\/drawtut.com\/de\/kurse\/digitales-zeichnen\/\" rel=\"nofollow\">\n\t\t\t\t\t\t<span class=\"elementor-button-content-wrapper\">\n\t\t\t\t\t\t<span class=\"elementor-button-icon\">\n\t\t\t\t<i aria-hidden=\"true\" class=\"fas fa-angle-double-right\"><\/i>\t\t\t<\/span>\n\t\t\t\t\t\t\t\t\t<span class=\"elementor-button-text\">Hier klicken &amp; Digital Zeichnen lernen<\/span>\n\t\t\t\t\t<\/span>\n\t\t\t\t\t<\/a>\n\t\t\t\t<\/div>\n\t\t\t\t\t\t\t\t<\/div>\n\t\t\t\t<\/div>\n\t\t\t\t\t<\/div>\n\t\t<\/div>\n\t\t\t\t<div class=\"elementor-column elementor-col-50 elementor-inner-column elementor-element elementor-element-bb1e2c8\" data-id=\"bb1e2c8\" data-element_type=\"column\">\n\t\t\t<div class=\"elementor-widget-wrap elementor-element-populated\">\n\t\t\t\t\t\t<div class=\"elementor-element elementor-element-1ed5c25 elementor-widget elementor-widget-image\" data-id=\"1ed5c25\" data-element_type=\"widget\" data-widget_type=\"image.default\">\n\t\t\t\t<div class=\"elementor-widget-container\">\n\t\t\t\t\t\t\t\t\t\t\t\t\t\t\t\t<a href=\"https:\/\/drawtut.com\/de\/kurse\/digitales-zeichnen\/\">\n\t\t\t\t\t\t\t<img fetchpriority=\"high\" decoding=\"async\" width=\"500\" height=\"369\" src=\"https:\/\/drawtut.com\/wp-content\/uploads\/2022\/04\/Digitale-Zeichnen-Online-Kurs-Klein1.jpg\" class=\"attachment-full size-full wp-image-12646\" alt=\"Digital Zeichnen Kurs\" srcset=\"https:\/\/drawtut.com\/wp-content\/uploads\/2022\/04\/Digitale-Zeichnen-Online-Kurs-Klein1.jpg 500w, https:\/\/drawtut.com\/wp-content\/uploads\/2022\/04\/Digitale-Zeichnen-Online-Kurs-Klein1-300x221.jpg 300w\" sizes=\"(max-width: 500px) 100vw, 500px\" \/>\t\t\t\t\t\t\t\t<\/a>\n\t\t\t\t\t\t\t\t\t\t\t\t\t\t\t<\/div>\n\t\t\t\t<\/div>\n\t\t\t\t\t<\/div>\n\t\t<\/div>\n\t\t\t\t\t<\/div>\n\t\t<\/section>\n\t\t\t\t\t<\/div>\n\t\t<\/div>\n\t\t\t\t\t<\/div>\n\t\t<\/section>\n\t\t\t\t<\/div>\n\t\t","protected":false},"excerpt":{"rendered":"<p>KRITA Tutorial &#8211; Pinsel nutzen, gruppieren und erstellen Verschiedene Pinsel nutzen und deren Eigenschaften bearbeiten \u25c4 zur\u00fcck Einf\u00fchrung Benutzeroberfl\u00e4che Pinsel Striche stabilisieren Ebenen Vektoren &#038; Vektorebenen Masken &#038; Clipping Auswahlwerkzeuge&#8230; <\/p>\n","protected":false},"author":1,"featured_media":0,"parent":59,"menu_order":1,"comment_status":"closed","ping_status":"closed","template":"elementor_header_footer","meta":{"_monsterinsights_skip_tracking":false,"_monsterinsights_sitenote_active":false,"_monsterinsights_sitenote_note":"","_monsterinsights_sitenote_category":0,"footnotes":""},"class_list":["post-3999","page","type-page","status-publish","hentry"],"yoast_head":"<!-- This site is optimized with the Yoast SEO plugin v25.6 - https:\/\/yoast.com\/wordpress\/plugins\/seo\/ -->\n<title>Krita Pinsel \/ Brushes Nutzen, Erstellen &amp; Importieren [VIDEO-TUTORIAL]<\/title>\n<meta name=\"description\" content=\"\u00dcbersicht \u00fcber alle Krita Pinsel (Brushes) und wie man diese nutzt. M\u00f6glichkeiten Pinsel zu importieren und selber zu erstellen. Hier weiter!\" \/>\n<meta name=\"robots\" content=\"index, follow, max-snippet:-1, max-image-preview:large, max-video-preview:-1\" \/>\n<link rel=\"canonical\" href=\"https:\/\/drawtut.com\/de\/software\/krita\/pinsel-nutzen-gruppieren-und-erstellen\/\" \/>\n<meta property=\"og:locale\" content=\"de_DE\" \/>\n<meta property=\"og:type\" content=\"article\" \/>\n<meta property=\"og:title\" content=\"Krita Pinsel \/ Brushes Nutzen, Erstellen &amp; Importieren [VIDEO-TUTORIAL]\" \/>\n<meta property=\"og:description\" content=\"\u00dcbersicht \u00fcber alle Krita Pinsel (Brushes) und wie man diese nutzt. M\u00f6glichkeiten Pinsel zu importieren und selber zu erstellen. Hier weiter!\" \/>\n<meta property=\"og:url\" content=\"https:\/\/drawtut.com\/de\/software\/krita\/pinsel-nutzen-gruppieren-und-erstellen\/\" \/>\n<meta property=\"og:site_name\" content=\"DrawTut - Drawing Tutorials\" \/>\n<meta property=\"article:publisher\" content=\"https:\/\/www.facebook.com\/DrawTutor\/\" \/>\n<meta property=\"article:modified_time\" content=\"2022-04-23T11:45:58+00:00\" \/>\n<meta property=\"og:image\" content=\"https:\/\/drawtut.com\/wp-content\/uploads\/2022\/04\/Digitale-Zeichnen-Online-Kurs-Klein1.jpg\" \/>\n<meta name=\"twitter:card\" content=\"summary_large_image\" \/>\n<meta name=\"twitter:label1\" content=\"Gesch\u00e4tzte Lesezeit\" \/>\n\t<meta name=\"twitter:data1\" content=\"1\u00a0Minute\" \/>\n<script type=\"application\/ld+json\" class=\"yoast-schema-graph\">{\"@context\":\"https:\/\/schema.org\",\"@graph\":[{\"@type\":\"WebPage\",\"@id\":\"https:\/\/drawtut.com\/de\/software\/krita\/pinsel-nutzen-gruppieren-und-erstellen\/\",\"url\":\"https:\/\/drawtut.com\/de\/software\/krita\/pinsel-nutzen-gruppieren-und-erstellen\/\",\"name\":\"Krita Pinsel \/ Brushes Nutzen, Erstellen & Importieren [VIDEO-TUTORIAL]\",\"isPartOf\":{\"@id\":\"https:\/\/drawtut.com\/de\/#website\"},\"primaryImageOfPage\":{\"@id\":\"https:\/\/drawtut.com\/de\/software\/krita\/pinsel-nutzen-gruppieren-und-erstellen\/#primaryimage\"},\"image\":{\"@id\":\"https:\/\/drawtut.com\/de\/software\/krita\/pinsel-nutzen-gruppieren-und-erstellen\/#primaryimage\"},\"thumbnailUrl\":\"https:\/\/drawtut.com\/wp-content\/uploads\/2022\/04\/Digitale-Zeichnen-Online-Kurs-Klein1.jpg\",\"datePublished\":\"2019-12-12T16:00:12+00:00\",\"dateModified\":\"2022-04-23T11:45:58+00:00\",\"description\":\"\u00dcbersicht \u00fcber alle Krita Pinsel (Brushes) und wie man diese nutzt. M\u00f6glichkeiten Pinsel zu importieren und selber zu erstellen. Hier weiter!\",\"breadcrumb\":{\"@id\":\"https:\/\/drawtut.com\/de\/software\/krita\/pinsel-nutzen-gruppieren-und-erstellen\/#breadcrumb\"},\"inLanguage\":\"de\",\"potentialAction\":[{\"@type\":\"ReadAction\",\"target\":[\"https:\/\/drawtut.com\/de\/software\/krita\/pinsel-nutzen-gruppieren-und-erstellen\/\"]}]},{\"@type\":\"ImageObject\",\"inLanguage\":\"de\",\"@id\":\"https:\/\/drawtut.com\/de\/software\/krita\/pinsel-nutzen-gruppieren-und-erstellen\/#primaryimage\",\"url\":\"https:\/\/drawtut.com\/wp-content\/uploads\/2022\/04\/Digitale-Zeichnen-Online-Kurs-Klein1.jpg\",\"contentUrl\":\"https:\/\/drawtut.com\/wp-content\/uploads\/2022\/04\/Digitale-Zeichnen-Online-Kurs-Klein1.jpg\"},{\"@type\":\"BreadcrumbList\",\"@id\":\"https:\/\/drawtut.com\/de\/software\/krita\/pinsel-nutzen-gruppieren-und-erstellen\/#breadcrumb\",\"itemListElement\":[{\"@type\":\"ListItem\",\"position\":1,\"name\":\"DrawTut\",\"item\":\"https:\/\/drawtut.com\/de\/\"},{\"@type\":\"ListItem\",\"position\":2,\"name\":\"Software\",\"item\":\"https:\/\/drawtut.com\/de\/software\/\"},{\"@type\":\"ListItem\",\"position\":3,\"name\":\"Krita\",\"item\":\"https:\/\/drawtut.com\/de\/software\/krita\/\"},{\"@type\":\"ListItem\",\"position\":4,\"name\":\"Pinsel nutzen, gruppieren und erstellen\"}]},{\"@type\":\"WebSite\",\"@id\":\"https:\/\/drawtut.com\/de\/#website\",\"url\":\"https:\/\/drawtut.com\/de\/\",\"name\":\"DrawTut - Drawing Tutorials\",\"description\":\"Learn Hot To Draw - Tutrials, Courses and more\",\"potentialAction\":[{\"@type\":\"SearchAction\",\"target\":{\"@type\":\"EntryPoint\",\"urlTemplate\":\"https:\/\/drawtut.com\/de\/?s={search_term_string}\"},\"query-input\":{\"@type\":\"PropertyValueSpecification\",\"valueRequired\":true,\"valueName\":\"search_term_string\"}}],\"inLanguage\":\"de\"}]}<\/script>\n<!-- \/ Yoast SEO plugin. -->","yoast_head_json":{"title":"Krita Pinsel \/ Brushes Nutzen, Erstellen & Importieren [VIDEO-TUTORIAL]","description":"\u00dcbersicht \u00fcber alle Krita Pinsel (Brushes) und wie man diese nutzt. M\u00f6glichkeiten Pinsel zu importieren und selber zu erstellen. Hier weiter!","robots":{"index":"index","follow":"follow","max-snippet":"max-snippet:-1","max-image-preview":"max-image-preview:large","max-video-preview":"max-video-preview:-1"},"canonical":"https:\/\/drawtut.com\/de\/software\/krita\/pinsel-nutzen-gruppieren-und-erstellen\/","og_locale":"de_DE","og_type":"article","og_title":"Krita Pinsel \/ Brushes Nutzen, Erstellen & Importieren [VIDEO-TUTORIAL]","og_description":"\u00dcbersicht \u00fcber alle Krita Pinsel (Brushes) und wie man diese nutzt. M\u00f6glichkeiten Pinsel zu importieren und selber zu erstellen. Hier weiter!","og_url":"https:\/\/drawtut.com\/de\/software\/krita\/pinsel-nutzen-gruppieren-und-erstellen\/","og_site_name":"DrawTut - Drawing Tutorials","article_publisher":"https:\/\/www.facebook.com\/DrawTutor\/","article_modified_time":"2022-04-23T11:45:58+00:00","og_image":[{"url":"https:\/\/drawtut.com\/wp-content\/uploads\/2022\/04\/Digitale-Zeichnen-Online-Kurs-Klein1.jpg","type":"","width":"","height":""}],"twitter_card":"summary_large_image","twitter_misc":{"Gesch\u00e4tzte Lesezeit":"1\u00a0Minute"},"schema":{"@context":"https:\/\/schema.org","@graph":[{"@type":"WebPage","@id":"https:\/\/drawtut.com\/de\/software\/krita\/pinsel-nutzen-gruppieren-und-erstellen\/","url":"https:\/\/drawtut.com\/de\/software\/krita\/pinsel-nutzen-gruppieren-und-erstellen\/","name":"Krita Pinsel \/ Brushes Nutzen, Erstellen & Importieren [VIDEO-TUTORIAL]","isPartOf":{"@id":"https:\/\/drawtut.com\/de\/#website"},"primaryImageOfPage":{"@id":"https:\/\/drawtut.com\/de\/software\/krita\/pinsel-nutzen-gruppieren-und-erstellen\/#primaryimage"},"image":{"@id":"https:\/\/drawtut.com\/de\/software\/krita\/pinsel-nutzen-gruppieren-und-erstellen\/#primaryimage"},"thumbnailUrl":"https:\/\/drawtut.com\/wp-content\/uploads\/2022\/04\/Digitale-Zeichnen-Online-Kurs-Klein1.jpg","datePublished":"2019-12-12T16:00:12+00:00","dateModified":"2022-04-23T11:45:58+00:00","description":"\u00dcbersicht \u00fcber alle Krita Pinsel (Brushes) und wie man diese nutzt. M\u00f6glichkeiten Pinsel zu importieren und selber zu erstellen. Hier weiter!","breadcrumb":{"@id":"https:\/\/drawtut.com\/de\/software\/krita\/pinsel-nutzen-gruppieren-und-erstellen\/#breadcrumb"},"inLanguage":"de","potentialAction":[{"@type":"ReadAction","target":["https:\/\/drawtut.com\/de\/software\/krita\/pinsel-nutzen-gruppieren-und-erstellen\/"]}]},{"@type":"ImageObject","inLanguage":"de","@id":"https:\/\/drawtut.com\/de\/software\/krita\/pinsel-nutzen-gruppieren-und-erstellen\/#primaryimage","url":"https:\/\/drawtut.com\/wp-content\/uploads\/2022\/04\/Digitale-Zeichnen-Online-Kurs-Klein1.jpg","contentUrl":"https:\/\/drawtut.com\/wp-content\/uploads\/2022\/04\/Digitale-Zeichnen-Online-Kurs-Klein1.jpg"},{"@type":"BreadcrumbList","@id":"https:\/\/drawtut.com\/de\/software\/krita\/pinsel-nutzen-gruppieren-und-erstellen\/#breadcrumb","itemListElement":[{"@type":"ListItem","position":1,"name":"DrawTut","item":"https:\/\/drawtut.com\/de\/"},{"@type":"ListItem","position":2,"name":"Software","item":"https:\/\/drawtut.com\/de\/software\/"},{"@type":"ListItem","position":3,"name":"Krita","item":"https:\/\/drawtut.com\/de\/software\/krita\/"},{"@type":"ListItem","position":4,"name":"Pinsel nutzen, gruppieren und erstellen"}]},{"@type":"WebSite","@id":"https:\/\/drawtut.com\/de\/#website","url":"https:\/\/drawtut.com\/de\/","name":"DrawTut - Drawing Tutorials","description":"Learn Hot To Draw - Tutrials, Courses and more","potentialAction":[{"@type":"SearchAction","target":{"@type":"EntryPoint","urlTemplate":"https:\/\/drawtut.com\/de\/?s={search_term_string}"},"query-input":{"@type":"PropertyValueSpecification","valueRequired":true,"valueName":"search_term_string"}}],"inLanguage":"de"}]}},"_links":{"self":[{"href":"https:\/\/drawtut.com\/de\/wp-json\/wp\/v2\/pages\/3999","targetHints":{"allow":["GET"]}}],"collection":[{"href":"https:\/\/drawtut.com\/de\/wp-json\/wp\/v2\/pages"}],"about":[{"href":"https:\/\/drawtut.com\/de\/wp-json\/wp\/v2\/types\/page"}],"author":[{"embeddable":true,"href":"https:\/\/drawtut.com\/de\/wp-json\/wp\/v2\/users\/1"}],"replies":[{"embeddable":true,"href":"https:\/\/drawtut.com\/de\/wp-json\/wp\/v2\/comments?post=3999"}],"version-history":[{"count":14,"href":"https:\/\/drawtut.com\/de\/wp-json\/wp\/v2\/pages\/3999\/revisions"}],"predecessor-version":[{"id":12696,"href":"https:\/\/drawtut.com\/de\/wp-json\/wp\/v2\/pages\/3999\/revisions\/12696"}],"up":[{"embeddable":true,"href":"https:\/\/drawtut.com\/de\/wp-json\/wp\/v2\/pages\/59"}],"wp:attachment":[{"href":"https:\/\/drawtut.com\/de\/wp-json\/wp\/v2\/media?parent=3999"}],"curies":[{"name":"wp","href":"https:\/\/api.w.org\/{rel}","templated":true}]}}