{"id":4011,"date":"2019-12-12T17:14:04","date_gmt":"2019-12-12T16:14:04","guid":{"rendered":"https:\/\/drawtut.com\/?page_id=4011"},"modified":"2022-04-23T13:49:42","modified_gmt":"2022-04-23T11:49:42","slug":"lineale-und-perspektiven","status":"publish","type":"page","link":"https:\/\/drawtut.com\/de\/software\/krita\/lineale-und-perspektiven\/","title":{"rendered":"Lineale und Perspektiven"},"content":{"rendered":"\t\t<div data-elementor-type=\"wp-post\" data-elementor-id=\"4011\" class=\"elementor elementor-4011\">\n\t\t\t\t\t\t<section class=\"elementor-section elementor-top-section elementor-element elementor-element-86eef21 elementor-section-stretched elementor-section-boxed elementor-section-height-default elementor-section-height-default\" data-id=\"86eef21\" data-element_type=\"section\" data-settings=\"{&quot;background_background&quot;:&quot;classic&quot;,&quot;stretch_section&quot;:&quot;section-stretched&quot;}\">\n\t\t\t\t\t\t<div class=\"elementor-container elementor-column-gap-default\">\n\t\t\t\t\t<div class=\"elementor-column elementor-col-100 elementor-top-column elementor-element elementor-element-c9e2ac1\" data-id=\"c9e2ac1\" data-element_type=\"column\">\n\t\t\t<div class=\"elementor-widget-wrap elementor-element-populated\">\n\t\t\t\t\t\t<div class=\"elementor-element elementor-element-441cdcd elementor-widget elementor-widget-heading\" data-id=\"441cdcd\" data-element_type=\"widget\" data-widget_type=\"heading.default\">\n\t\t\t\t<div class=\"elementor-widget-container\">\n\t\t\t\t\t<h1 class=\"elementor-heading-title elementor-size-default\">KRITA Tutorial - Lineale und Perspektiven<\/h1>\t\t\t\t<\/div>\n\t\t\t\t<\/div>\n\t\t\t\t<div class=\"elementor-element elementor-element-2b61a04 elementor-widget elementor-widget-heading\" data-id=\"2b61a04\" data-element_type=\"widget\" data-widget_type=\"heading.default\">\n\t\t\t\t<div class=\"elementor-widget-container\">\n\t\t\t\t\t<h2 class=\"elementor-heading-title elementor-size-default\">Verschiedene Lineale zur Unterst\u00fctzung beim Zeichnen nutzen<\/h2>\t\t\t\t<\/div>\n\t\t\t\t<\/div>\n\t\t\t\t<div class=\"elementor-element elementor-element-aa1c26b elementor-widget elementor-widget-shortcode\" data-id=\"aa1c26b\" data-element_type=\"widget\" data-widget_type=\"shortcode.default\">\n\t\t\t\t<div class=\"elementor-widget-container\">\n\t\t\t\t\t\t\t<div class=\"elementor-shortcode\"><span><span><a href=\"https:\/\/drawtut.com\/de\/\">DrawTut<\/a><\/span><\/span><\/div>\n\t\t\t\t\t\t<\/div>\n\t\t\t\t<\/div>\n\t\t\t\t\t<\/div>\n\t\t<\/div>\n\t\t\t\t\t<\/div>\n\t\t<\/section>\n\t\t\t\t<section class=\"elementor-section elementor-top-section elementor-element elementor-element-1138d75 elementor-section-boxed elementor-section-height-default elementor-section-height-default\" data-id=\"1138d75\" data-element_type=\"section\" data-settings=\"{&quot;background_background&quot;:&quot;classic&quot;}\">\n\t\t\t\t\t\t<div class=\"elementor-container elementor-column-gap-default\">\n\t\t\t\t\t<div class=\"elementor-column elementor-col-50 elementor-top-column elementor-element elementor-element-f316000\" data-id=\"f316000\" data-element_type=\"column\" data-settings=\"{&quot;background_background&quot;:&quot;classic&quot;}\">\n\t\t\t<div class=\"elementor-widget-wrap elementor-element-populated\">\n\t\t\t\t\t\t<div class=\"elementor-element elementor-element-ac6ebac elementor-widget elementor-widget-heading\" data-id=\"ac6ebac\" data-element_type=\"widget\" data-widget_type=\"heading.default\">\n\t\t\t\t<div class=\"elementor-widget-container\">\n\t\t\t\t\t<h3 class=\"elementor-heading-title elementor-size-default\"><a href=\"https:\/\/drawtut.com\/de\/software\/krita\/\">\u25c4 zur\u00fcck<\/a><\/h3>\t\t\t\t<\/div>\n\t\t\t\t<\/div>\n\t\t\t\t<div class=\"elementor-element elementor-element-567d2c1 elementor-widget elementor-widget-heading\" data-id=\"567d2c1\" data-element_type=\"widget\" data-widget_type=\"heading.default\">\n\t\t\t\t<div class=\"elementor-widget-container\">\n\t\t\t\t\t<h3 class=\"elementor-heading-title elementor-size-default\"><a href=\"https:\/\/drawtut.com\/de\/software\/krita\/einfuehrung-erste-schritte\/\">Einf\u00fchrung<\/a><\/h3>\t\t\t\t<\/div>\n\t\t\t\t<\/div>\n\t\t\t\t<div class=\"elementor-element elementor-element-4eda1b6 elementor-widget elementor-widget-heading\" data-id=\"4eda1b6\" data-element_type=\"widget\" data-widget_type=\"heading.default\">\n\t\t\t\t<div class=\"elementor-widget-container\">\n\t\t\t\t\t<h3 class=\"elementor-heading-title elementor-size-default\"><a href=\"https:\/\/drawtut.com\/de\/software\/krita\/benutzeroberflaeche-und-dialoge-einstellen\/\">Benutzeroberfl\u00e4che<\/a><\/h3>\t\t\t\t<\/div>\n\t\t\t\t<\/div>\n\t\t\t\t<div class=\"elementor-element elementor-element-b770bf5 elementor-widget elementor-widget-heading\" data-id=\"b770bf5\" data-element_type=\"widget\" data-widget_type=\"heading.default\">\n\t\t\t\t<div class=\"elementor-widget-container\">\n\t\t\t\t\t<h3 class=\"elementor-heading-title elementor-size-default\"><a href=\"https:\/\/drawtut.com\/de\/software\/krita\/pinsel-nutzen-gruppieren-und-erstellen\/\">Pinsel<\/a><\/h3>\t\t\t\t<\/div>\n\t\t\t\t<\/div>\n\t\t\t\t<div class=\"elementor-element elementor-element-d948084 elementor-widget elementor-widget-heading\" data-id=\"d948084\" data-element_type=\"widget\" data-widget_type=\"heading.default\">\n\t\t\t\t<div class=\"elementor-widget-container\">\n\t\t\t\t\t<h3 class=\"elementor-heading-title elementor-size-default\"><a href=\"https:\/\/drawtut.com\/de\/software\/krita\/pinsel-striche-stabilisieren\/\">Striche stabilisieren<\/a><\/h3>\t\t\t\t<\/div>\n\t\t\t\t<\/div>\n\t\t\t\t<div class=\"elementor-element elementor-element-0aa458c elementor-widget elementor-widget-heading\" data-id=\"0aa458c\" data-element_type=\"widget\" data-widget_type=\"heading.default\">\n\t\t\t\t<div class=\"elementor-widget-container\">\n\t\t\t\t\t<h3 class=\"elementor-heading-title elementor-size-default\"><a href=\"https:\/\/drawtut.com\/de\/software\/krita\/ebenen-erstellen-gruppieren-und-duplizieren\/\">Ebenen<\/a><\/h3>\t\t\t\t<\/div>\n\t\t\t\t<\/div>\n\t\t\t\t<div class=\"elementor-element elementor-element-97af22f elementor-widget elementor-widget-heading\" data-id=\"97af22f\" data-element_type=\"widget\" data-widget_type=\"heading.default\">\n\t\t\t\t<div class=\"elementor-widget-container\">\n\t\t\t\t\t<h3 class=\"elementor-heading-title elementor-size-default\"><a href=\"https:\/\/drawtut.com\/de\/software\/krita\/vektoren-und-vektorebenen\/\">Vektoren &amp; Vektorebenen<\/a><\/h3>\t\t\t\t<\/div>\n\t\t\t\t<\/div>\n\t\t\t\t<div class=\"elementor-element elementor-element-5168650 elementor-widget elementor-widget-heading\" data-id=\"5168650\" data-element_type=\"widget\" data-widget_type=\"heading.default\">\n\t\t\t\t<div class=\"elementor-widget-container\">\n\t\t\t\t\t<h3 class=\"elementor-heading-title elementor-size-default\"><a href=\"https:\/\/drawtut.com\/de\/software\/krita\/masken-clipping-alpha-ebenen\/\">Masken &amp; Clipping<\/a><\/h3>\t\t\t\t<\/div>\n\t\t\t\t<\/div>\n\t\t\t\t<div class=\"elementor-element elementor-element-9accd78 elementor-widget elementor-widget-heading\" data-id=\"9accd78\" data-element_type=\"widget\" data-widget_type=\"heading.default\">\n\t\t\t\t<div class=\"elementor-widget-container\">\n\t\t\t\t\t<h3 class=\"elementor-heading-title elementor-size-default\"><a href=\"https:\/\/drawtut.com\/de\/software\/krita\/markierungs-und-auswahlwerkzeuge\/\">Auswahlwerkzeuge<\/a><\/h3>\t\t\t\t<\/div>\n\t\t\t\t<\/div>\n\t\t\t\t<div class=\"elementor-element elementor-element-92ca8ab elementor-widget elementor-widget-heading\" data-id=\"92ca8ab\" data-element_type=\"widget\" data-widget_type=\"heading.default\">\n\t\t\t\t<div class=\"elementor-widget-container\">\n\t\t\t\t\t<h3 class=\"elementor-heading-title elementor-size-default\"><a href=\"https:\/\/drawtut.com\/de\/software\/krita\/fuellwerkzeuge\/\">F\u00fcllwerkzeuge<\/a><\/h3>\t\t\t\t<\/div>\n\t\t\t\t<\/div>\n\t\t\t\t<div class=\"elementor-element elementor-element-fe5e57e elementor-widget elementor-widget-heading\" data-id=\"fe5e57e\" data-element_type=\"widget\" data-widget_type=\"heading.default\">\n\t\t\t\t<div class=\"elementor-widget-container\">\n\t\t\t\t\t<h3 class=\"elementor-heading-title elementor-size-default\"><a href=\"https:\/\/drawtut.com\/de\/software\/krita\/farben-mischen-und-verwischen\/\">Farben mischen<\/a><\/h3>\t\t\t\t<\/div>\n\t\t\t\t<\/div>\n\t\t\t\t<div class=\"elementor-element elementor-element-6b33780 elementor-widget elementor-widget-heading\" data-id=\"6b33780\" data-element_type=\"widget\" data-widget_type=\"heading.default\">\n\t\t\t\t<div class=\"elementor-widget-container\">\n\t\t\t\t\t<h3 class=\"elementor-heading-title elementor-size-default\">Lineale &amp; Perspektiven<\/h3>\t\t\t\t<\/div>\n\t\t\t\t<\/div>\n\t\t\t\t<div class=\"elementor-element elementor-element-ade8047 elementor-widget elementor-widget-heading\" data-id=\"ade8047\" data-element_type=\"widget\" data-widget_type=\"heading.default\">\n\t\t\t\t<div class=\"elementor-widget-container\">\n\t\t\t\t\t<h3 class=\"elementor-heading-title elementor-size-default\"><a href=\"https:\/\/drawtut.com\/de\/software\/krita\/fotos-bilder-freistellen\/\">Bilder freistellen<\/a><\/h3>\t\t\t\t<\/div>\n\t\t\t\t<\/div>\n\t\t\t\t<div class=\"elementor-element elementor-element-06b9a38 elementor-widget elementor-widget-heading\" data-id=\"06b9a38\" data-element_type=\"widget\" data-widget_type=\"heading.default\">\n\t\t\t\t<div class=\"elementor-widget-container\">\n\t\t\t\t\t<h3 class=\"elementor-heading-title elementor-size-default\"><a href=\"https:\/\/drawtut.com\/de\/software\/krita\/zeichnungen-animieren\/\">Animationen erstellen<\/a><\/h3>\t\t\t\t<\/div>\n\t\t\t\t<\/div>\n\t\t\t\t<div class=\"elementor-element elementor-element-6f714d8 elementor-widget elementor-widget-heading\" data-id=\"6f714d8\" data-element_type=\"widget\" data-widget_type=\"heading.default\">\n\t\t\t\t<div class=\"elementor-widget-container\">\n\t\t\t\t\t<h3 class=\"elementor-heading-title elementor-size-default\"><a href=\"https:\/\/drawtut.com\/de\/software\/krita\/videos-importieren-und-mit-animationen-ergaenzen\/\">Videos animieren<\/a><\/h3>\t\t\t\t<\/div>\n\t\t\t\t<\/div>\n\t\t\t\t\t<\/div>\n\t\t<\/div>\n\t\t\t\t<div class=\"elementor-column elementor-col-50 elementor-top-column elementor-element elementor-element-34b968b\" data-id=\"34b968b\" data-element_type=\"column\" data-settings=\"{&quot;background_background&quot;:&quot;classic&quot;}\">\n\t\t\t<div class=\"elementor-widget-wrap elementor-element-populated\">\n\t\t\t\t\t\t<div class=\"elementor-element elementor-element-10fdefb elementor-widget elementor-widget-video\" data-id=\"10fdefb\" data-element_type=\"widget\" data-settings=\"{&quot;youtube_url&quot;:&quot;https:\\\/\\\/www.youtube.com\\\/watch?v=Sw73gcjMJ1w&quot;,&quot;show_image_overlay&quot;:&quot;yes&quot;,&quot;image_overlay&quot;:{&quot;url&quot;:&quot;https:\\\/\\\/drawtut.com\\\/wp-content\\\/uploads\\\/2022\\\/02\\\/Krita-Lineale.jpeg&quot;,&quot;id&quot;:12201,&quot;size&quot;:&quot;&quot;,&quot;alt&quot;:&quot;Krita Lineale&quot;,&quot;source&quot;:&quot;library&quot;},&quot;video_type&quot;:&quot;youtube&quot;,&quot;controls&quot;:&quot;yes&quot;}\" data-widget_type=\"video.default\">\n\t\t\t\t<div class=\"elementor-widget-container\">\n\t\t\t\t\t\t\t<div class=\"elementor-wrapper elementor-open-inline\">\n\t\t\t<div class=\"elementor-video\"><\/div>\t\t\t\t<div class=\"elementor-custom-embed-image-overlay\" style=\"background-image: url(https:\/\/drawtut.com\/wp-content\/uploads\/2022\/02\/Krita-Lineale.jpeg);\">\n\t\t\t\t\t\t\t\t\t\t\t\t\t\t\t\t<div class=\"elementor-custom-embed-play\" role=\"button\" aria-label=\"Play Video about Krita Lineale\" tabindex=\"0\">\n\t\t\t\t\t\t\t<i aria-hidden=\"true\" class=\"eicon-play\"><\/i>\t\t\t\t\t\t<\/div>\n\t\t\t\t\t\t\t\t\t<\/div>\n\t\t\t\t\t<\/div>\n\t\t\t\t\t\t<\/div>\n\t\t\t\t<\/div>\n\t\t\t\t<div class=\"elementor-element elementor-element-0fff58f elementor-widget elementor-widget-text-editor\" data-id=\"0fff58f\" data-element_type=\"widget\" data-widget_type=\"text-editor.default\">\n\t\t\t\t<div class=\"elementor-widget-container\">\n\t\t\t\t\t\t\t\t\tIn diesem Tutorial gehen wir auf die folgenden Punkte im Hinblick auf die Lineale ein:\nUnterschiedliche Lineale, Nutzung von Linealen und Einstellungen f\u00fcr Lineale.\t\t\t\t\t\t\t\t<\/div>\n\t\t\t\t<\/div>\n\t\t\t\t\t<\/div>\n\t\t<\/div>\n\t\t\t\t\t<\/div>\n\t\t<\/section>\n\t\t\t\t<section class=\"elementor-section elementor-top-section elementor-element elementor-element-878a8fc elementor-section-boxed elementor-section-height-default elementor-section-height-default\" data-id=\"878a8fc\" data-element_type=\"section\">\n\t\t\t\t\t\t<div class=\"elementor-container elementor-column-gap-default\">\n\t\t\t\t\t<div class=\"elementor-column elementor-col-100 elementor-top-column elementor-element elementor-element-86026e6\" data-id=\"86026e6\" data-element_type=\"column\">\n\t\t\t<div class=\"elementor-widget-wrap elementor-element-populated\">\n\t\t\t\t\t\t<section class=\"elementor-section elementor-inner-section elementor-element elementor-element-1c96bb0 elementor-section-boxed elementor-section-height-default elementor-section-height-default\" data-id=\"1c96bb0\" data-element_type=\"section\" data-settings=\"{&quot;background_background&quot;:&quot;classic&quot;}\">\n\t\t\t\t\t\t<div class=\"elementor-container elementor-column-gap-default\">\n\t\t\t\t\t<div class=\"elementor-column elementor-col-50 elementor-inner-column elementor-element elementor-element-dd25cf8\" data-id=\"dd25cf8\" data-element_type=\"column\">\n\t\t\t<div class=\"elementor-widget-wrap elementor-element-populated\">\n\t\t\t\t\t\t<div class=\"elementor-element elementor-element-4110aed elementor-widget elementor-widget-heading\" data-id=\"4110aed\" data-element_type=\"widget\" data-widget_type=\"heading.default\">\n\t\t\t\t<div class=\"elementor-widget-container\">\n\t\t\t\t\t<h3 class=\"elementor-heading-title elementor-size-default\"><a href=\"https:\/\/drawtut.com\/de\/kurse\/digitales-zeichnen\/\">Starte jetzt durch und lerne digital Zeichnen!<\/a><\/h3>\t\t\t\t<\/div>\n\t\t\t\t<\/div>\n\t\t\t\t<div class=\"elementor-element elementor-element-1c1914a elementor-widget elementor-widget-text-editor\" data-id=\"1c1914a\" data-element_type=\"widget\" data-widget_type=\"text-editor.default\">\n\t\t\t\t<div class=\"elementor-widget-container\">\n\t\t\t\t\t\t\t\t\t<p>Mit diesem <b>Online-Kurs<\/b>\u00a0lernst du beeindruckende <b>Bilder am Tablet oder PC zu zeichnen<\/b>. Hier bekommst du alle <b>Grundlagen, viele Tipps und umfangreiche Praxis\u00fcbungen<\/b>. Starte jetzt und werde zum Profi!<\/p>\t\t\t\t\t\t\t\t<\/div>\n\t\t\t\t<\/div>\n\t\t\t\t<div class=\"elementor-element elementor-element-1fad108 elementor-button-danger elementor-align-justify elementor-widget elementor-widget-button\" data-id=\"1fad108\" data-element_type=\"widget\" data-widget_type=\"button.default\">\n\t\t\t\t<div class=\"elementor-widget-container\">\n\t\t\t\t\t\t\t\t\t<div class=\"elementor-button-wrapper\">\n\t\t\t\t\t<a class=\"elementor-button elementor-button-link elementor-size-sm\" href=\"https:\/\/drawtut.com\/de\/kurse\/digitales-zeichnen\/\" rel=\"nofollow\">\n\t\t\t\t\t\t<span class=\"elementor-button-content-wrapper\">\n\t\t\t\t\t\t<span class=\"elementor-button-icon\">\n\t\t\t\t<i aria-hidden=\"true\" class=\"fas fa-angle-double-right\"><\/i>\t\t\t<\/span>\n\t\t\t\t\t\t\t\t\t<span class=\"elementor-button-text\">Hier klicken &amp; Digital Zeichnen lernen<\/span>\n\t\t\t\t\t<\/span>\n\t\t\t\t\t<\/a>\n\t\t\t\t<\/div>\n\t\t\t\t\t\t\t\t<\/div>\n\t\t\t\t<\/div>\n\t\t\t\t\t<\/div>\n\t\t<\/div>\n\t\t\t\t<div class=\"elementor-column elementor-col-50 elementor-inner-column elementor-element elementor-element-9b34491\" data-id=\"9b34491\" data-element_type=\"column\">\n\t\t\t<div class=\"elementor-widget-wrap elementor-element-populated\">\n\t\t\t\t\t\t<div class=\"elementor-element elementor-element-3a70a12 elementor-widget elementor-widget-image\" data-id=\"3a70a12\" data-element_type=\"widget\" data-widget_type=\"image.default\">\n\t\t\t\t<div class=\"elementor-widget-container\">\n\t\t\t\t\t\t\t\t\t\t\t\t\t\t\t\t<a href=\"https:\/\/drawtut.com\/de\/kurse\/digitales-zeichnen\/\">\n\t\t\t\t\t\t\t<img fetchpriority=\"high\" decoding=\"async\" width=\"500\" height=\"369\" src=\"https:\/\/drawtut.com\/wp-content\/uploads\/2022\/04\/Digitale-Zeichnen-Online-Kurs-Klein1.jpg\" class=\"attachment-full size-full wp-image-12646\" alt=\"Digital Zeichnen Kurs\" srcset=\"https:\/\/drawtut.com\/wp-content\/uploads\/2022\/04\/Digitale-Zeichnen-Online-Kurs-Klein1.jpg 500w, https:\/\/drawtut.com\/wp-content\/uploads\/2022\/04\/Digitale-Zeichnen-Online-Kurs-Klein1-300x221.jpg 300w\" sizes=\"(max-width: 500px) 100vw, 500px\" \/>\t\t\t\t\t\t\t\t<\/a>\n\t\t\t\t\t\t\t\t\t\t\t\t\t\t\t<\/div>\n\t\t\t\t<\/div>\n\t\t\t\t\t<\/div>\n\t\t<\/div>\n\t\t\t\t\t<\/div>\n\t\t<\/section>\n\t\t\t\t\t<\/div>\n\t\t<\/div>\n\t\t\t\t\t<\/div>\n\t\t<\/section>\n\t\t\t\t<\/div>\n\t\t","protected":false},"excerpt":{"rendered":"<p>KRITA Tutorial &#8211; Lineale und Perspektiven Verschiedene Lineale zur Unterst\u00fctzung beim Zeichnen nutzen \u25c4 zur\u00fcck Einf\u00fchrung Benutzeroberfl\u00e4che Pinsel Striche stabilisieren Ebenen Vektoren &#038; Vektorebenen Masken &#038; Clipping Auswahlwerkzeuge F\u00fcllwerkzeuge Farben&#8230; <\/p>\n","protected":false},"author":1,"featured_media":0,"parent":59,"menu_order":1,"comment_status":"closed","ping_status":"closed","template":"elementor_header_footer","meta":{"_monsterinsights_skip_tracking":false,"_monsterinsights_sitenote_active":false,"_monsterinsights_sitenote_note":"","_monsterinsights_sitenote_category":0,"footnotes":""},"class_list":["post-4011","page","type-page","status-publish","hentry"],"yoast_head":"<!-- This site is optimized with the Yoast SEO plugin v25.6 - https:\/\/yoast.com\/wordpress\/plugins\/seo\/ -->\n<title>Krita Lineale und Perspektiven zum Zeichnen nutzen [VIDEO-TUTORIAL]<\/title>\n<meta name=\"description\" content=\"Krita besitzt vielfache Lineale, die das Zeichnen unterst\u00fctzen k\u00f6nnen. Lerne in diesem Video, wie diese im Detail genutzt werden k\u00f6nnen. Weiter!\" \/>\n<meta name=\"robots\" content=\"index, follow, max-snippet:-1, max-image-preview:large, max-video-preview:-1\" \/>\n<link rel=\"canonical\" href=\"https:\/\/drawtut.com\/de\/software\/krita\/lineale-und-perspektiven\/\" \/>\n<meta property=\"og:locale\" content=\"de_DE\" \/>\n<meta property=\"og:type\" content=\"article\" \/>\n<meta property=\"og:title\" content=\"Krita Lineale und Perspektiven zum Zeichnen nutzen [VIDEO-TUTORIAL]\" \/>\n<meta property=\"og:description\" content=\"Krita besitzt vielfache Lineale, die das Zeichnen unterst\u00fctzen k\u00f6nnen. Lerne in diesem Video, wie diese im Detail genutzt werden k\u00f6nnen. Weiter!\" \/>\n<meta property=\"og:url\" content=\"https:\/\/drawtut.com\/de\/software\/krita\/lineale-und-perspektiven\/\" \/>\n<meta property=\"og:site_name\" content=\"DrawTut - Drawing Tutorials\" \/>\n<meta property=\"article:publisher\" content=\"https:\/\/www.facebook.com\/DrawTutor\/\" \/>\n<meta property=\"article:modified_time\" content=\"2022-04-23T11:49:42+00:00\" \/>\n<meta property=\"og:image\" content=\"https:\/\/drawtut.com\/wp-content\/uploads\/2022\/04\/Digitale-Zeichnen-Online-Kurs-Klein1.jpg\" \/>\n<meta name=\"twitter:card\" content=\"summary_large_image\" \/>\n<meta name=\"twitter:label1\" content=\"Gesch\u00e4tzte Lesezeit\" \/>\n\t<meta name=\"twitter:data1\" content=\"1\u00a0Minute\" \/>\n<script type=\"application\/ld+json\" class=\"yoast-schema-graph\">{\"@context\":\"https:\/\/schema.org\",\"@graph\":[{\"@type\":\"WebPage\",\"@id\":\"https:\/\/drawtut.com\/de\/software\/krita\/lineale-und-perspektiven\/\",\"url\":\"https:\/\/drawtut.com\/de\/software\/krita\/lineale-und-perspektiven\/\",\"name\":\"Krita Lineale und Perspektiven zum Zeichnen nutzen [VIDEO-TUTORIAL]\",\"isPartOf\":{\"@id\":\"https:\/\/drawtut.com\/de\/#website\"},\"primaryImageOfPage\":{\"@id\":\"https:\/\/drawtut.com\/de\/software\/krita\/lineale-und-perspektiven\/#primaryimage\"},\"image\":{\"@id\":\"https:\/\/drawtut.com\/de\/software\/krita\/lineale-und-perspektiven\/#primaryimage\"},\"thumbnailUrl\":\"https:\/\/drawtut.com\/wp-content\/uploads\/2022\/04\/Digitale-Zeichnen-Online-Kurs-Klein1.jpg\",\"datePublished\":\"2019-12-12T16:14:04+00:00\",\"dateModified\":\"2022-04-23T11:49:42+00:00\",\"description\":\"Krita besitzt vielfache Lineale, die das Zeichnen unterst\u00fctzen k\u00f6nnen. Lerne in diesem Video, wie diese im Detail genutzt werden k\u00f6nnen. Weiter!\",\"breadcrumb\":{\"@id\":\"https:\/\/drawtut.com\/de\/software\/krita\/lineale-und-perspektiven\/#breadcrumb\"},\"inLanguage\":\"de\",\"potentialAction\":[{\"@type\":\"ReadAction\",\"target\":[\"https:\/\/drawtut.com\/de\/software\/krita\/lineale-und-perspektiven\/\"]}]},{\"@type\":\"ImageObject\",\"inLanguage\":\"de\",\"@id\":\"https:\/\/drawtut.com\/de\/software\/krita\/lineale-und-perspektiven\/#primaryimage\",\"url\":\"https:\/\/drawtut.com\/wp-content\/uploads\/2022\/04\/Digitale-Zeichnen-Online-Kurs-Klein1.jpg\",\"contentUrl\":\"https:\/\/drawtut.com\/wp-content\/uploads\/2022\/04\/Digitale-Zeichnen-Online-Kurs-Klein1.jpg\"},{\"@type\":\"BreadcrumbList\",\"@id\":\"https:\/\/drawtut.com\/de\/software\/krita\/lineale-und-perspektiven\/#breadcrumb\",\"itemListElement\":[{\"@type\":\"ListItem\",\"position\":1,\"name\":\"DrawTut\",\"item\":\"https:\/\/drawtut.com\/de\/\"},{\"@type\":\"ListItem\",\"position\":2,\"name\":\"Software\",\"item\":\"https:\/\/drawtut.com\/de\/software\/\"},{\"@type\":\"ListItem\",\"position\":3,\"name\":\"Krita\",\"item\":\"https:\/\/drawtut.com\/de\/software\/krita\/\"},{\"@type\":\"ListItem\",\"position\":4,\"name\":\"Lineale und Perspektiven\"}]},{\"@type\":\"WebSite\",\"@id\":\"https:\/\/drawtut.com\/de\/#website\",\"url\":\"https:\/\/drawtut.com\/de\/\",\"name\":\"DrawTut - Drawing Tutorials\",\"description\":\"Learn Hot To Draw - Tutrials, Courses and more\",\"potentialAction\":[{\"@type\":\"SearchAction\",\"target\":{\"@type\":\"EntryPoint\",\"urlTemplate\":\"https:\/\/drawtut.com\/de\/?s={search_term_string}\"},\"query-input\":{\"@type\":\"PropertyValueSpecification\",\"valueRequired\":true,\"valueName\":\"search_term_string\"}}],\"inLanguage\":\"de\"}]}<\/script>\n<!-- \/ Yoast SEO plugin. -->","yoast_head_json":{"title":"Krita Lineale und Perspektiven zum Zeichnen nutzen [VIDEO-TUTORIAL]","description":"Krita besitzt vielfache Lineale, die das Zeichnen unterst\u00fctzen k\u00f6nnen. Lerne in diesem Video, wie diese im Detail genutzt werden k\u00f6nnen. Weiter!","robots":{"index":"index","follow":"follow","max-snippet":"max-snippet:-1","max-image-preview":"max-image-preview:large","max-video-preview":"max-video-preview:-1"},"canonical":"https:\/\/drawtut.com\/de\/software\/krita\/lineale-und-perspektiven\/","og_locale":"de_DE","og_type":"article","og_title":"Krita Lineale und Perspektiven zum Zeichnen nutzen [VIDEO-TUTORIAL]","og_description":"Krita besitzt vielfache Lineale, die das Zeichnen unterst\u00fctzen k\u00f6nnen. Lerne in diesem Video, wie diese im Detail genutzt werden k\u00f6nnen. Weiter!","og_url":"https:\/\/drawtut.com\/de\/software\/krita\/lineale-und-perspektiven\/","og_site_name":"DrawTut - Drawing Tutorials","article_publisher":"https:\/\/www.facebook.com\/DrawTutor\/","article_modified_time":"2022-04-23T11:49:42+00:00","og_image":[{"url":"https:\/\/drawtut.com\/wp-content\/uploads\/2022\/04\/Digitale-Zeichnen-Online-Kurs-Klein1.jpg","type":"","width":"","height":""}],"twitter_card":"summary_large_image","twitter_misc":{"Gesch\u00e4tzte Lesezeit":"1\u00a0Minute"},"schema":{"@context":"https:\/\/schema.org","@graph":[{"@type":"WebPage","@id":"https:\/\/drawtut.com\/de\/software\/krita\/lineale-und-perspektiven\/","url":"https:\/\/drawtut.com\/de\/software\/krita\/lineale-und-perspektiven\/","name":"Krita Lineale und Perspektiven zum Zeichnen nutzen [VIDEO-TUTORIAL]","isPartOf":{"@id":"https:\/\/drawtut.com\/de\/#website"},"primaryImageOfPage":{"@id":"https:\/\/drawtut.com\/de\/software\/krita\/lineale-und-perspektiven\/#primaryimage"},"image":{"@id":"https:\/\/drawtut.com\/de\/software\/krita\/lineale-und-perspektiven\/#primaryimage"},"thumbnailUrl":"https:\/\/drawtut.com\/wp-content\/uploads\/2022\/04\/Digitale-Zeichnen-Online-Kurs-Klein1.jpg","datePublished":"2019-12-12T16:14:04+00:00","dateModified":"2022-04-23T11:49:42+00:00","description":"Krita besitzt vielfache Lineale, die das Zeichnen unterst\u00fctzen k\u00f6nnen. Lerne in diesem Video, wie diese im Detail genutzt werden k\u00f6nnen. Weiter!","breadcrumb":{"@id":"https:\/\/drawtut.com\/de\/software\/krita\/lineale-und-perspektiven\/#breadcrumb"},"inLanguage":"de","potentialAction":[{"@type":"ReadAction","target":["https:\/\/drawtut.com\/de\/software\/krita\/lineale-und-perspektiven\/"]}]},{"@type":"ImageObject","inLanguage":"de","@id":"https:\/\/drawtut.com\/de\/software\/krita\/lineale-und-perspektiven\/#primaryimage","url":"https:\/\/drawtut.com\/wp-content\/uploads\/2022\/04\/Digitale-Zeichnen-Online-Kurs-Klein1.jpg","contentUrl":"https:\/\/drawtut.com\/wp-content\/uploads\/2022\/04\/Digitale-Zeichnen-Online-Kurs-Klein1.jpg"},{"@type":"BreadcrumbList","@id":"https:\/\/drawtut.com\/de\/software\/krita\/lineale-und-perspektiven\/#breadcrumb","itemListElement":[{"@type":"ListItem","position":1,"name":"DrawTut","item":"https:\/\/drawtut.com\/de\/"},{"@type":"ListItem","position":2,"name":"Software","item":"https:\/\/drawtut.com\/de\/software\/"},{"@type":"ListItem","position":3,"name":"Krita","item":"https:\/\/drawtut.com\/de\/software\/krita\/"},{"@type":"ListItem","position":4,"name":"Lineale und Perspektiven"}]},{"@type":"WebSite","@id":"https:\/\/drawtut.com\/de\/#website","url":"https:\/\/drawtut.com\/de\/","name":"DrawTut - Drawing Tutorials","description":"Learn Hot To Draw - Tutrials, Courses and more","potentialAction":[{"@type":"SearchAction","target":{"@type":"EntryPoint","urlTemplate":"https:\/\/drawtut.com\/de\/?s={search_term_string}"},"query-input":{"@type":"PropertyValueSpecification","valueRequired":true,"valueName":"search_term_string"}}],"inLanguage":"de"}]}},"_links":{"self":[{"href":"https:\/\/drawtut.com\/de\/wp-json\/wp\/v2\/pages\/4011","targetHints":{"allow":["GET"]}}],"collection":[{"href":"https:\/\/drawtut.com\/de\/wp-json\/wp\/v2\/pages"}],"about":[{"href":"https:\/\/drawtut.com\/de\/wp-json\/wp\/v2\/types\/page"}],"author":[{"embeddable":true,"href":"https:\/\/drawtut.com\/de\/wp-json\/wp\/v2\/users\/1"}],"replies":[{"embeddable":true,"href":"https:\/\/drawtut.com\/de\/wp-json\/wp\/v2\/comments?post=4011"}],"version-history":[{"count":14,"href":"https:\/\/drawtut.com\/de\/wp-json\/wp\/v2\/pages\/4011\/revisions"}],"predecessor-version":[{"id":12720,"href":"https:\/\/drawtut.com\/de\/wp-json\/wp\/v2\/pages\/4011\/revisions\/12720"}],"up":[{"embeddable":true,"href":"https:\/\/drawtut.com\/de\/wp-json\/wp\/v2\/pages\/59"}],"wp:attachment":[{"href":"https:\/\/drawtut.com\/de\/wp-json\/wp\/v2\/media?parent=4011"}],"curies":[{"name":"wp","href":"https:\/\/api.w.org\/{rel}","templated":true}]}}