{"id":4017,"date":"2019-12-12T17:29:15","date_gmt":"2019-12-12T16:29:15","guid":{"rendered":"https:\/\/drawtut.com\/?page_id=4017"},"modified":"2022-04-23T13:49:09","modified_gmt":"2022-04-23T11:49:09","slug":"farben-mischen-und-verwischen","status":"publish","type":"page","link":"https:\/\/drawtut.com\/de\/software\/krita\/farben-mischen-und-verwischen\/","title":{"rendered":"Farben mischen und verwischen"},"content":{"rendered":"\t\t<div data-elementor-type=\"wp-post\" data-elementor-id=\"4017\" class=\"elementor elementor-4017\">\n\t\t\t\t\t\t<section class=\"elementor-section elementor-top-section elementor-element elementor-element-86eef21 elementor-section-stretched elementor-section-boxed elementor-section-height-default elementor-section-height-default\" data-id=\"86eef21\" data-element_type=\"section\" data-settings=\"{&quot;background_background&quot;:&quot;classic&quot;,&quot;stretch_section&quot;:&quot;section-stretched&quot;}\">\n\t\t\t\t\t\t<div class=\"elementor-container elementor-column-gap-default\">\n\t\t\t\t\t<div class=\"elementor-column elementor-col-100 elementor-top-column elementor-element elementor-element-c9e2ac1\" data-id=\"c9e2ac1\" data-element_type=\"column\">\n\t\t\t<div class=\"elementor-widget-wrap elementor-element-populated\">\n\t\t\t\t\t\t<div class=\"elementor-element elementor-element-441cdcd elementor-widget elementor-widget-heading\" data-id=\"441cdcd\" data-element_type=\"widget\" data-widget_type=\"heading.default\">\n\t\t\t\t<div class=\"elementor-widget-container\">\n\t\t\t\t\t<h1 class=\"elementor-heading-title elementor-size-default\">KRITA Tutorial - Farben mischen und verwischen<\/h1>\t\t\t\t<\/div>\n\t\t\t\t<\/div>\n\t\t\t\t<div class=\"elementor-element elementor-element-2b61a04 elementor-widget elementor-widget-heading\" data-id=\"2b61a04\" data-element_type=\"widget\" data-widget_type=\"heading.default\">\n\t\t\t\t<div class=\"elementor-widget-container\">\n\t\t\t\t\t<h2 class=\"elementor-heading-title elementor-size-default\">Farben in Krita miteinander mischen und verwischen <\/h2>\t\t\t\t<\/div>\n\t\t\t\t<\/div>\n\t\t\t\t<div class=\"elementor-element elementor-element-fea675d elementor-widget elementor-widget-shortcode\" data-id=\"fea675d\" data-element_type=\"widget\" data-widget_type=\"shortcode.default\">\n\t\t\t\t<div class=\"elementor-widget-container\">\n\t\t\t\t\t\t\t<div class=\"elementor-shortcode\"><span><span><a href=\"https:\/\/drawtut.com\/de\/\">DrawTut<\/a><\/span><\/span><\/div>\n\t\t\t\t\t\t<\/div>\n\t\t\t\t<\/div>\n\t\t\t\t\t<\/div>\n\t\t<\/div>\n\t\t\t\t\t<\/div>\n\t\t<\/section>\n\t\t\t\t<section class=\"elementor-section elementor-top-section elementor-element elementor-element-1138d75 elementor-section-boxed elementor-section-height-default elementor-section-height-default\" data-id=\"1138d75\" data-element_type=\"section\" data-settings=\"{&quot;background_background&quot;:&quot;classic&quot;}\">\n\t\t\t\t\t\t<div class=\"elementor-container elementor-column-gap-default\">\n\t\t\t\t\t<div class=\"elementor-column elementor-col-50 elementor-top-column elementor-element elementor-element-583d6c1\" data-id=\"583d6c1\" data-element_type=\"column\" data-settings=\"{&quot;background_background&quot;:&quot;classic&quot;}\">\n\t\t\t<div class=\"elementor-widget-wrap elementor-element-populated\">\n\t\t\t\t\t\t<div class=\"elementor-element elementor-element-bfb55cf elementor-widget elementor-widget-heading\" data-id=\"bfb55cf\" data-element_type=\"widget\" data-widget_type=\"heading.default\">\n\t\t\t\t<div class=\"elementor-widget-container\">\n\t\t\t\t\t<h3 class=\"elementor-heading-title elementor-size-default\"><a href=\"https:\/\/drawtut.com\/de\/software\/krita\/\">\u25c4 zur\u00fcck<\/a><\/h3>\t\t\t\t<\/div>\n\t\t\t\t<\/div>\n\t\t\t\t<div class=\"elementor-element elementor-element-cef2485 elementor-widget elementor-widget-heading\" data-id=\"cef2485\" data-element_type=\"widget\" data-widget_type=\"heading.default\">\n\t\t\t\t<div class=\"elementor-widget-container\">\n\t\t\t\t\t<h3 class=\"elementor-heading-title elementor-size-default\"><a href=\"https:\/\/drawtut.com\/de\/software\/krita\/einfuehrung-erste-schritte\/\">Einf\u00fchrung<\/a><\/h3>\t\t\t\t<\/div>\n\t\t\t\t<\/div>\n\t\t\t\t<div class=\"elementor-element elementor-element-95b7cdc elementor-widget elementor-widget-heading\" data-id=\"95b7cdc\" data-element_type=\"widget\" data-widget_type=\"heading.default\">\n\t\t\t\t<div class=\"elementor-widget-container\">\n\t\t\t\t\t<h3 class=\"elementor-heading-title elementor-size-default\"><a href=\"https:\/\/drawtut.com\/de\/software\/krita\/benutzeroberflaeche-und-dialoge-einstellen\/\">Benutzeroberfl\u00e4che<\/a><\/h3>\t\t\t\t<\/div>\n\t\t\t\t<\/div>\n\t\t\t\t<div class=\"elementor-element elementor-element-4f753c2 elementor-widget elementor-widget-heading\" data-id=\"4f753c2\" data-element_type=\"widget\" data-widget_type=\"heading.default\">\n\t\t\t\t<div class=\"elementor-widget-container\">\n\t\t\t\t\t<h3 class=\"elementor-heading-title elementor-size-default\"><a href=\"https:\/\/drawtut.com\/de\/software\/krita\/pinsel-nutzen-gruppieren-und-erstellen\/\">Pinsel<\/a><\/h3>\t\t\t\t<\/div>\n\t\t\t\t<\/div>\n\t\t\t\t<div class=\"elementor-element elementor-element-d1f16a1 elementor-widget elementor-widget-heading\" data-id=\"d1f16a1\" data-element_type=\"widget\" data-widget_type=\"heading.default\">\n\t\t\t\t<div class=\"elementor-widget-container\">\n\t\t\t\t\t<h3 class=\"elementor-heading-title elementor-size-default\"><a href=\"https:\/\/drawtut.com\/de\/software\/krita\/pinsel-striche-stabilisieren\/\">Striche stabilisieren<\/a><\/h3>\t\t\t\t<\/div>\n\t\t\t\t<\/div>\n\t\t\t\t<div class=\"elementor-element elementor-element-cdc284a elementor-widget elementor-widget-heading\" data-id=\"cdc284a\" data-element_type=\"widget\" data-widget_type=\"heading.default\">\n\t\t\t\t<div class=\"elementor-widget-container\">\n\t\t\t\t\t<h3 class=\"elementor-heading-title elementor-size-default\"><a href=\"https:\/\/drawtut.com\/de\/software\/krita\/ebenen-erstellen-gruppieren-und-duplizieren\/\">Ebenen<\/a><\/h3>\t\t\t\t<\/div>\n\t\t\t\t<\/div>\n\t\t\t\t<div class=\"elementor-element elementor-element-5f06404 elementor-widget elementor-widget-heading\" data-id=\"5f06404\" data-element_type=\"widget\" data-widget_type=\"heading.default\">\n\t\t\t\t<div class=\"elementor-widget-container\">\n\t\t\t\t\t<h3 class=\"elementor-heading-title elementor-size-default\"><a href=\"https:\/\/drawtut.com\/de\/software\/krita\/vektoren-und-vektorebenen\/\">Vektoren &amp; Vektorebenen<\/a><\/h3>\t\t\t\t<\/div>\n\t\t\t\t<\/div>\n\t\t\t\t<div class=\"elementor-element elementor-element-e3eefdf elementor-widget elementor-widget-heading\" data-id=\"e3eefdf\" data-element_type=\"widget\" data-widget_type=\"heading.default\">\n\t\t\t\t<div class=\"elementor-widget-container\">\n\t\t\t\t\t<h3 class=\"elementor-heading-title elementor-size-default\"><a href=\"https:\/\/drawtut.com\/de\/software\/krita\/masken-clipping-alpha-ebenen\/\">Masken &amp; Clipping<\/a><\/h3>\t\t\t\t<\/div>\n\t\t\t\t<\/div>\n\t\t\t\t<div class=\"elementor-element elementor-element-70cf2cb elementor-widget elementor-widget-heading\" data-id=\"70cf2cb\" data-element_type=\"widget\" data-widget_type=\"heading.default\">\n\t\t\t\t<div class=\"elementor-widget-container\">\n\t\t\t\t\t<h3 class=\"elementor-heading-title elementor-size-default\"><a href=\"https:\/\/drawtut.com\/de\/software\/krita\/markierungs-und-auswahlwerkzeuge\/\">Auswahlwerkzeuge<\/a><\/h3>\t\t\t\t<\/div>\n\t\t\t\t<\/div>\n\t\t\t\t<div class=\"elementor-element elementor-element-3828915 elementor-widget elementor-widget-heading\" data-id=\"3828915\" data-element_type=\"widget\" data-widget_type=\"heading.default\">\n\t\t\t\t<div class=\"elementor-widget-container\">\n\t\t\t\t\t<h3 class=\"elementor-heading-title elementor-size-default\"><a href=\"https:\/\/drawtut.com\/de\/software\/krita\/fuellwerkzeuge\/\">F\u00fcllwerkzeuge<\/a><\/h3>\t\t\t\t<\/div>\n\t\t\t\t<\/div>\n\t\t\t\t<div class=\"elementor-element elementor-element-fd96a56 elementor-widget elementor-widget-heading\" data-id=\"fd96a56\" data-element_type=\"widget\" data-widget_type=\"heading.default\">\n\t\t\t\t<div class=\"elementor-widget-container\">\n\t\t\t\t\t<h3 class=\"elementor-heading-title elementor-size-default\">Farben mischen<\/h3>\t\t\t\t<\/div>\n\t\t\t\t<\/div>\n\t\t\t\t<div class=\"elementor-element elementor-element-d8aa003 elementor-widget elementor-widget-heading\" data-id=\"d8aa003\" data-element_type=\"widget\" data-widget_type=\"heading.default\">\n\t\t\t\t<div class=\"elementor-widget-container\">\n\t\t\t\t\t<h3 class=\"elementor-heading-title elementor-size-default\"><a href=\"https:\/\/drawtut.com\/de\/software\/krita\/lineale-und-perspektiven\/\">Lineale &amp; Perspektiven<\/a><\/h3>\t\t\t\t<\/div>\n\t\t\t\t<\/div>\n\t\t\t\t<div class=\"elementor-element elementor-element-c085e3c elementor-widget elementor-widget-heading\" data-id=\"c085e3c\" data-element_type=\"widget\" data-widget_type=\"heading.default\">\n\t\t\t\t<div class=\"elementor-widget-container\">\n\t\t\t\t\t<h3 class=\"elementor-heading-title elementor-size-default\"><a href=\"https:\/\/drawtut.com\/de\/software\/krita\/fotos-bilder-freistellen\/\">Bilder freistellen<\/a><\/h3>\t\t\t\t<\/div>\n\t\t\t\t<\/div>\n\t\t\t\t<div class=\"elementor-element elementor-element-74e3e4d elementor-widget elementor-widget-heading\" data-id=\"74e3e4d\" data-element_type=\"widget\" data-widget_type=\"heading.default\">\n\t\t\t\t<div class=\"elementor-widget-container\">\n\t\t\t\t\t<h3 class=\"elementor-heading-title elementor-size-default\"><a href=\"https:\/\/drawtut.com\/de\/software\/krita\/zeichnungen-animieren\/\">Animationen erstellen<\/a><\/h3>\t\t\t\t<\/div>\n\t\t\t\t<\/div>\n\t\t\t\t<div class=\"elementor-element elementor-element-667471a elementor-widget elementor-widget-heading\" data-id=\"667471a\" data-element_type=\"widget\" data-widget_type=\"heading.default\">\n\t\t\t\t<div class=\"elementor-widget-container\">\n\t\t\t\t\t<h3 class=\"elementor-heading-title elementor-size-default\"><a href=\"https:\/\/drawtut.com\/de\/software\/krita\/videos-importieren-und-mit-animationen-ergaenzen\/\">Videos animieren<\/a><\/h3>\t\t\t\t<\/div>\n\t\t\t\t<\/div>\n\t\t\t\t\t<\/div>\n\t\t<\/div>\n\t\t\t\t<div class=\"elementor-column elementor-col-50 elementor-top-column elementor-element elementor-element-34b968b\" data-id=\"34b968b\" data-element_type=\"column\" data-settings=\"{&quot;background_background&quot;:&quot;classic&quot;}\">\n\t\t\t<div class=\"elementor-widget-wrap elementor-element-populated\">\n\t\t\t\t\t\t<div class=\"elementor-element elementor-element-b39c7c2 elementor-widget elementor-widget-video\" data-id=\"b39c7c2\" data-element_type=\"widget\" data-settings=\"{&quot;youtube_url&quot;:&quot;https:\\\/\\\/www.youtube.com\\\/watch?v=dfKM41g4dpQ&quot;,&quot;show_image_overlay&quot;:&quot;yes&quot;,&quot;image_overlay&quot;:{&quot;url&quot;:&quot;https:\\\/\\\/drawtut.com\\\/wp-content\\\/uploads\\\/2022\\\/02\\\/Krita-Farben-Mischen.jpeg&quot;,&quot;id&quot;:12184,&quot;size&quot;:&quot;&quot;,&quot;alt&quot;:&quot;Krita Farben Mischen&quot;,&quot;source&quot;:&quot;library&quot;},&quot;video_type&quot;:&quot;youtube&quot;,&quot;controls&quot;:&quot;yes&quot;}\" data-widget_type=\"video.default\">\n\t\t\t\t<div class=\"elementor-widget-container\">\n\t\t\t\t\t\t\t<div class=\"elementor-wrapper elementor-open-inline\">\n\t\t\t<div class=\"elementor-video\"><\/div>\t\t\t\t<div class=\"elementor-custom-embed-image-overlay\" style=\"background-image: url(https:\/\/drawtut.com\/wp-content\/uploads\/2022\/02\/Krita-Farben-Mischen.jpeg);\">\n\t\t\t\t\t\t\t\t\t\t\t\t\t\t\t\t<div class=\"elementor-custom-embed-play\" role=\"button\" aria-label=\"Play Video about Krita Farben Mischen\" tabindex=\"0\">\n\t\t\t\t\t\t\t<i aria-hidden=\"true\" class=\"eicon-play\"><\/i>\t\t\t\t\t\t<\/div>\n\t\t\t\t\t\t\t\t\t<\/div>\n\t\t\t\t\t<\/div>\n\t\t\t\t\t\t<\/div>\n\t\t\t\t<\/div>\n\t\t\t\t<div class=\"elementor-element elementor-element-0fff58f elementor-widget elementor-widget-text-editor\" data-id=\"0fff58f\" data-element_type=\"widget\" data-widget_type=\"text-editor.default\">\n\t\t\t\t<div class=\"elementor-widget-container\">\n\t\t\t\t\t\t\t\t\tIn diesem Tutorial wird gezeigt, wie man in Krita Farben miteinander mischen kann. Dabei wird der normale Farblicher genutzt, um zwei Farben miteinander zu vermischen. Zus\u00e4tzlich wird gezeigt, wie man mit einem Wischwerkzeug zwei Farben miteinander verwischen kann.\t\t\t\t\t\t\t\t<\/div>\n\t\t\t\t<\/div>\n\t\t\t\t\t<\/div>\n\t\t<\/div>\n\t\t\t\t\t<\/div>\n\t\t<\/section>\n\t\t\t\t<section class=\"elementor-section elementor-top-section elementor-element elementor-element-bfb86b4 elementor-section-boxed elementor-section-height-default elementor-section-height-default\" data-id=\"bfb86b4\" data-element_type=\"section\">\n\t\t\t\t\t\t<div class=\"elementor-container elementor-column-gap-default\">\n\t\t\t\t\t<div class=\"elementor-column elementor-col-100 elementor-top-column elementor-element elementor-element-db1729c\" data-id=\"db1729c\" data-element_type=\"column\">\n\t\t\t<div class=\"elementor-widget-wrap elementor-element-populated\">\n\t\t\t\t\t\t<section class=\"elementor-section elementor-inner-section elementor-element elementor-element-c3c54ab elementor-section-boxed elementor-section-height-default elementor-section-height-default\" data-id=\"c3c54ab\" data-element_type=\"section\" data-settings=\"{&quot;background_background&quot;:&quot;classic&quot;}\">\n\t\t\t\t\t\t<div class=\"elementor-container elementor-column-gap-default\">\n\t\t\t\t\t<div class=\"elementor-column elementor-col-50 elementor-inner-column elementor-element elementor-element-8d80949\" data-id=\"8d80949\" data-element_type=\"column\">\n\t\t\t<div class=\"elementor-widget-wrap elementor-element-populated\">\n\t\t\t\t\t\t<div class=\"elementor-element elementor-element-62a9f86 elementor-widget elementor-widget-heading\" data-id=\"62a9f86\" data-element_type=\"widget\" data-widget_type=\"heading.default\">\n\t\t\t\t<div class=\"elementor-widget-container\">\n\t\t\t\t\t<h3 class=\"elementor-heading-title elementor-size-default\"><a href=\"https:\/\/drawtut.com\/de\/kurse\/digitales-zeichnen\/\">Starte jetzt durch und lerne digital Zeichnen!<\/a><\/h3>\t\t\t\t<\/div>\n\t\t\t\t<\/div>\n\t\t\t\t<div class=\"elementor-element elementor-element-fba8f0c elementor-widget elementor-widget-text-editor\" data-id=\"fba8f0c\" data-element_type=\"widget\" data-widget_type=\"text-editor.default\">\n\t\t\t\t<div class=\"elementor-widget-container\">\n\t\t\t\t\t\t\t\t\t<p>Mit diesem <b>Online-Kurs<\/b>\u00a0lernst du beeindruckende <b>Bilder am Tablet oder PC zu zeichnen<\/b>. Hier bekommst du alle <b>Grundlagen, viele Tipps und umfangreiche Praxis\u00fcbungen<\/b>. Starte jetzt und werde zum Profi!<\/p>\t\t\t\t\t\t\t\t<\/div>\n\t\t\t\t<\/div>\n\t\t\t\t<div class=\"elementor-element elementor-element-c93b731 elementor-button-danger elementor-align-justify elementor-widget elementor-widget-button\" data-id=\"c93b731\" data-element_type=\"widget\" data-widget_type=\"button.default\">\n\t\t\t\t<div class=\"elementor-widget-container\">\n\t\t\t\t\t\t\t\t\t<div class=\"elementor-button-wrapper\">\n\t\t\t\t\t<a class=\"elementor-button elementor-button-link elementor-size-sm\" href=\"https:\/\/drawtut.com\/de\/kurse\/digitales-zeichnen\/\" rel=\"nofollow\">\n\t\t\t\t\t\t<span class=\"elementor-button-content-wrapper\">\n\t\t\t\t\t\t<span class=\"elementor-button-icon\">\n\t\t\t\t<i aria-hidden=\"true\" class=\"fas fa-angle-double-right\"><\/i>\t\t\t<\/span>\n\t\t\t\t\t\t\t\t\t<span class=\"elementor-button-text\">Hier klicken &amp; Digital Zeichnen lernen<\/span>\n\t\t\t\t\t<\/span>\n\t\t\t\t\t<\/a>\n\t\t\t\t<\/div>\n\t\t\t\t\t\t\t\t<\/div>\n\t\t\t\t<\/div>\n\t\t\t\t\t<\/div>\n\t\t<\/div>\n\t\t\t\t<div class=\"elementor-column elementor-col-50 elementor-inner-column elementor-element elementor-element-22354df\" data-id=\"22354df\" data-element_type=\"column\">\n\t\t\t<div class=\"elementor-widget-wrap elementor-element-populated\">\n\t\t\t\t\t\t<div class=\"elementor-element elementor-element-cadf06b elementor-widget elementor-widget-image\" data-id=\"cadf06b\" data-element_type=\"widget\" data-widget_type=\"image.default\">\n\t\t\t\t<div class=\"elementor-widget-container\">\n\t\t\t\t\t\t\t\t\t\t\t\t\t\t\t\t<a href=\"https:\/\/drawtut.com\/de\/kurse\/digitales-zeichnen\/\">\n\t\t\t\t\t\t\t<img fetchpriority=\"high\" decoding=\"async\" width=\"500\" height=\"369\" src=\"https:\/\/drawtut.com\/wp-content\/uploads\/2022\/04\/Digitale-Zeichnen-Online-Kurs-Klein1.jpg\" class=\"attachment-full size-full wp-image-12646\" alt=\"Digital Zeichnen Kurs\" srcset=\"https:\/\/drawtut.com\/wp-content\/uploads\/2022\/04\/Digitale-Zeichnen-Online-Kurs-Klein1.jpg 500w, https:\/\/drawtut.com\/wp-content\/uploads\/2022\/04\/Digitale-Zeichnen-Online-Kurs-Klein1-300x221.jpg 300w\" sizes=\"(max-width: 500px) 100vw, 500px\" \/>\t\t\t\t\t\t\t\t<\/a>\n\t\t\t\t\t\t\t\t\t\t\t\t\t\t\t<\/div>\n\t\t\t\t<\/div>\n\t\t\t\t\t<\/div>\n\t\t<\/div>\n\t\t\t\t\t<\/div>\n\t\t<\/section>\n\t\t\t\t\t<\/div>\n\t\t<\/div>\n\t\t\t\t\t<\/div>\n\t\t<\/section>\n\t\t\t\t<\/div>\n\t\t","protected":false},"excerpt":{"rendered":"<p>KRITA Tutorial &#8211; Farben mischen und verwischen Farben in Krita miteinander mischen und verwischen \u25c4 zur\u00fcck Einf\u00fchrung Benutzeroberfl\u00e4che Pinsel Striche stabilisieren Ebenen Vektoren &#038; Vektorebenen Masken &#038; Clipping Auswahlwerkzeuge F\u00fcllwerkzeuge&#8230; <\/p>\n","protected":false},"author":1,"featured_media":0,"parent":59,"menu_order":1,"comment_status":"closed","ping_status":"closed","template":"elementor_header_footer","meta":{"_monsterinsights_skip_tracking":false,"_monsterinsights_sitenote_active":false,"_monsterinsights_sitenote_note":"","_monsterinsights_sitenote_category":0,"footnotes":""},"class_list":["post-4017","page","type-page","status-publish","hentry"],"yoast_head":"<!-- This site is optimized with the Yoast SEO plugin v25.6 - https:\/\/yoast.com\/wordpress\/plugins\/seo\/ -->\n<title>Krita Farben mischen und verwischen [VIDEO-TUTORIAL]<\/title>\n<meta name=\"description\" content=\"In diesem Tutorial wird gezeigt, wie man in Krita Farben miteinander mischen kann. Dabei wird der normale Farblicher genutzt, um zwei Farben miteinander zu vermischen.\" \/>\n<meta name=\"robots\" content=\"index, follow, max-snippet:-1, max-image-preview:large, max-video-preview:-1\" \/>\n<link rel=\"canonical\" href=\"https:\/\/drawtut.com\/de\/software\/krita\/farben-mischen-und-verwischen\/\" \/>\n<meta property=\"og:locale\" content=\"de_DE\" \/>\n<meta property=\"og:type\" content=\"article\" \/>\n<meta property=\"og:title\" content=\"Krita Farben mischen und verwischen [VIDEO-TUTORIAL]\" \/>\n<meta property=\"og:description\" content=\"In diesem Tutorial wird gezeigt, wie man in Krita Farben miteinander mischen kann. Dabei wird der normale Farblicher genutzt, um zwei Farben miteinander zu vermischen.\" \/>\n<meta property=\"og:url\" content=\"https:\/\/drawtut.com\/de\/software\/krita\/farben-mischen-und-verwischen\/\" \/>\n<meta property=\"og:site_name\" content=\"DrawTut - Drawing Tutorials\" \/>\n<meta property=\"article:publisher\" content=\"https:\/\/www.facebook.com\/DrawTutor\/\" \/>\n<meta property=\"article:modified_time\" content=\"2022-04-23T11:49:09+00:00\" \/>\n<meta property=\"og:image\" content=\"https:\/\/drawtut.com\/wp-content\/uploads\/2022\/04\/Digitale-Zeichnen-Online-Kurs-Klein1.jpg\" \/>\n<meta name=\"twitter:card\" content=\"summary_large_image\" \/>\n<meta name=\"twitter:label1\" content=\"Gesch\u00e4tzte Lesezeit\" \/>\n\t<meta name=\"twitter:data1\" content=\"1\u00a0Minute\" \/>\n<script type=\"application\/ld+json\" class=\"yoast-schema-graph\">{\"@context\":\"https:\/\/schema.org\",\"@graph\":[{\"@type\":\"WebPage\",\"@id\":\"https:\/\/drawtut.com\/de\/software\/krita\/farben-mischen-und-verwischen\/\",\"url\":\"https:\/\/drawtut.com\/de\/software\/krita\/farben-mischen-und-verwischen\/\",\"name\":\"Krita Farben mischen und verwischen [VIDEO-TUTORIAL]\",\"isPartOf\":{\"@id\":\"https:\/\/drawtut.com\/de\/#website\"},\"primaryImageOfPage\":{\"@id\":\"https:\/\/drawtut.com\/de\/software\/krita\/farben-mischen-und-verwischen\/#primaryimage\"},\"image\":{\"@id\":\"https:\/\/drawtut.com\/de\/software\/krita\/farben-mischen-und-verwischen\/#primaryimage\"},\"thumbnailUrl\":\"https:\/\/drawtut.com\/wp-content\/uploads\/2022\/04\/Digitale-Zeichnen-Online-Kurs-Klein1.jpg\",\"datePublished\":\"2019-12-12T16:29:15+00:00\",\"dateModified\":\"2022-04-23T11:49:09+00:00\",\"description\":\"In diesem Tutorial wird gezeigt, wie man in Krita Farben miteinander mischen kann. Dabei wird der normale Farblicher genutzt, um zwei Farben miteinander zu vermischen.\",\"breadcrumb\":{\"@id\":\"https:\/\/drawtut.com\/de\/software\/krita\/farben-mischen-und-verwischen\/#breadcrumb\"},\"inLanguage\":\"de\",\"potentialAction\":[{\"@type\":\"ReadAction\",\"target\":[\"https:\/\/drawtut.com\/de\/software\/krita\/farben-mischen-und-verwischen\/\"]}]},{\"@type\":\"ImageObject\",\"inLanguage\":\"de\",\"@id\":\"https:\/\/drawtut.com\/de\/software\/krita\/farben-mischen-und-verwischen\/#primaryimage\",\"url\":\"https:\/\/drawtut.com\/wp-content\/uploads\/2022\/04\/Digitale-Zeichnen-Online-Kurs-Klein1.jpg\",\"contentUrl\":\"https:\/\/drawtut.com\/wp-content\/uploads\/2022\/04\/Digitale-Zeichnen-Online-Kurs-Klein1.jpg\"},{\"@type\":\"BreadcrumbList\",\"@id\":\"https:\/\/drawtut.com\/de\/software\/krita\/farben-mischen-und-verwischen\/#breadcrumb\",\"itemListElement\":[{\"@type\":\"ListItem\",\"position\":1,\"name\":\"DrawTut\",\"item\":\"https:\/\/drawtut.com\/de\/\"},{\"@type\":\"ListItem\",\"position\":2,\"name\":\"Software\",\"item\":\"https:\/\/drawtut.com\/de\/software\/\"},{\"@type\":\"ListItem\",\"position\":3,\"name\":\"Krita\",\"item\":\"https:\/\/drawtut.com\/de\/software\/krita\/\"},{\"@type\":\"ListItem\",\"position\":4,\"name\":\"Farben mischen und verwischen\"}]},{\"@type\":\"WebSite\",\"@id\":\"https:\/\/drawtut.com\/de\/#website\",\"url\":\"https:\/\/drawtut.com\/de\/\",\"name\":\"DrawTut - Drawing Tutorials\",\"description\":\"Learn Hot To Draw - Tutrials, Courses and more\",\"potentialAction\":[{\"@type\":\"SearchAction\",\"target\":{\"@type\":\"EntryPoint\",\"urlTemplate\":\"https:\/\/drawtut.com\/de\/?s={search_term_string}\"},\"query-input\":{\"@type\":\"PropertyValueSpecification\",\"valueRequired\":true,\"valueName\":\"search_term_string\"}}],\"inLanguage\":\"de\"}]}<\/script>\n<!-- \/ Yoast SEO plugin. -->","yoast_head_json":{"title":"Krita Farben mischen und verwischen [VIDEO-TUTORIAL]","description":"In diesem Tutorial wird gezeigt, wie man in Krita Farben miteinander mischen kann. Dabei wird der normale Farblicher genutzt, um zwei Farben miteinander zu vermischen.","robots":{"index":"index","follow":"follow","max-snippet":"max-snippet:-1","max-image-preview":"max-image-preview:large","max-video-preview":"max-video-preview:-1"},"canonical":"https:\/\/drawtut.com\/de\/software\/krita\/farben-mischen-und-verwischen\/","og_locale":"de_DE","og_type":"article","og_title":"Krita Farben mischen und verwischen [VIDEO-TUTORIAL]","og_description":"In diesem Tutorial wird gezeigt, wie man in Krita Farben miteinander mischen kann. Dabei wird der normale Farblicher genutzt, um zwei Farben miteinander zu vermischen.","og_url":"https:\/\/drawtut.com\/de\/software\/krita\/farben-mischen-und-verwischen\/","og_site_name":"DrawTut - Drawing Tutorials","article_publisher":"https:\/\/www.facebook.com\/DrawTutor\/","article_modified_time":"2022-04-23T11:49:09+00:00","og_image":[{"url":"https:\/\/drawtut.com\/wp-content\/uploads\/2022\/04\/Digitale-Zeichnen-Online-Kurs-Klein1.jpg","type":"","width":"","height":""}],"twitter_card":"summary_large_image","twitter_misc":{"Gesch\u00e4tzte Lesezeit":"1\u00a0Minute"},"schema":{"@context":"https:\/\/schema.org","@graph":[{"@type":"WebPage","@id":"https:\/\/drawtut.com\/de\/software\/krita\/farben-mischen-und-verwischen\/","url":"https:\/\/drawtut.com\/de\/software\/krita\/farben-mischen-und-verwischen\/","name":"Krita Farben mischen und verwischen [VIDEO-TUTORIAL]","isPartOf":{"@id":"https:\/\/drawtut.com\/de\/#website"},"primaryImageOfPage":{"@id":"https:\/\/drawtut.com\/de\/software\/krita\/farben-mischen-und-verwischen\/#primaryimage"},"image":{"@id":"https:\/\/drawtut.com\/de\/software\/krita\/farben-mischen-und-verwischen\/#primaryimage"},"thumbnailUrl":"https:\/\/drawtut.com\/wp-content\/uploads\/2022\/04\/Digitale-Zeichnen-Online-Kurs-Klein1.jpg","datePublished":"2019-12-12T16:29:15+00:00","dateModified":"2022-04-23T11:49:09+00:00","description":"In diesem Tutorial wird gezeigt, wie man in Krita Farben miteinander mischen kann. Dabei wird der normale Farblicher genutzt, um zwei Farben miteinander zu vermischen.","breadcrumb":{"@id":"https:\/\/drawtut.com\/de\/software\/krita\/farben-mischen-und-verwischen\/#breadcrumb"},"inLanguage":"de","potentialAction":[{"@type":"ReadAction","target":["https:\/\/drawtut.com\/de\/software\/krita\/farben-mischen-und-verwischen\/"]}]},{"@type":"ImageObject","inLanguage":"de","@id":"https:\/\/drawtut.com\/de\/software\/krita\/farben-mischen-und-verwischen\/#primaryimage","url":"https:\/\/drawtut.com\/wp-content\/uploads\/2022\/04\/Digitale-Zeichnen-Online-Kurs-Klein1.jpg","contentUrl":"https:\/\/drawtut.com\/wp-content\/uploads\/2022\/04\/Digitale-Zeichnen-Online-Kurs-Klein1.jpg"},{"@type":"BreadcrumbList","@id":"https:\/\/drawtut.com\/de\/software\/krita\/farben-mischen-und-verwischen\/#breadcrumb","itemListElement":[{"@type":"ListItem","position":1,"name":"DrawTut","item":"https:\/\/drawtut.com\/de\/"},{"@type":"ListItem","position":2,"name":"Software","item":"https:\/\/drawtut.com\/de\/software\/"},{"@type":"ListItem","position":3,"name":"Krita","item":"https:\/\/drawtut.com\/de\/software\/krita\/"},{"@type":"ListItem","position":4,"name":"Farben mischen und verwischen"}]},{"@type":"WebSite","@id":"https:\/\/drawtut.com\/de\/#website","url":"https:\/\/drawtut.com\/de\/","name":"DrawTut - Drawing Tutorials","description":"Learn Hot To Draw - Tutrials, Courses and more","potentialAction":[{"@type":"SearchAction","target":{"@type":"EntryPoint","urlTemplate":"https:\/\/drawtut.com\/de\/?s={search_term_string}"},"query-input":{"@type":"PropertyValueSpecification","valueRequired":true,"valueName":"search_term_string"}}],"inLanguage":"de"}]}},"_links":{"self":[{"href":"https:\/\/drawtut.com\/de\/wp-json\/wp\/v2\/pages\/4017","targetHints":{"allow":["GET"]}}],"collection":[{"href":"https:\/\/drawtut.com\/de\/wp-json\/wp\/v2\/pages"}],"about":[{"href":"https:\/\/drawtut.com\/de\/wp-json\/wp\/v2\/types\/page"}],"author":[{"embeddable":true,"href":"https:\/\/drawtut.com\/de\/wp-json\/wp\/v2\/users\/1"}],"replies":[{"embeddable":true,"href":"https:\/\/drawtut.com\/de\/wp-json\/wp\/v2\/comments?post=4017"}],"version-history":[{"count":14,"href":"https:\/\/drawtut.com\/de\/wp-json\/wp\/v2\/pages\/4017\/revisions"}],"predecessor-version":[{"id":12717,"href":"https:\/\/drawtut.com\/de\/wp-json\/wp\/v2\/pages\/4017\/revisions\/12717"}],"up":[{"embeddable":true,"href":"https:\/\/drawtut.com\/de\/wp-json\/wp\/v2\/pages\/59"}],"wp:attachment":[{"href":"https:\/\/drawtut.com\/de\/wp-json\/wp\/v2\/media?parent=4017"}],"curies":[{"name":"wp","href":"https:\/\/api.w.org\/{rel}","templated":true}]}}