{"id":4173,"date":"2019-12-20T16:48:37","date_gmt":"2019-12-20T15:48:37","guid":{"rendered":"https:\/\/drawtut.com\/?page_id=4173"},"modified":"2022-04-23T13:58:52","modified_gmt":"2022-04-23T11:58:52","slug":"uebersicht-einfuehrung","status":"publish","type":"page","link":"https:\/\/drawtut.com\/de\/software\/inkscape\/uebersicht-einfuehrung\/","title":{"rendered":"\u00dcbersicht &#038; Einf\u00fchrung"},"content":{"rendered":"\t\t<div data-elementor-type=\"wp-post\" data-elementor-id=\"4173\" class=\"elementor elementor-4173\">\n\t\t\t\t\t\t<section class=\"elementor-section elementor-top-section elementor-element elementor-element-86eef21 elementor-section-stretched elementor-section-boxed elementor-section-height-default elementor-section-height-default\" data-id=\"86eef21\" data-element_type=\"section\" data-settings=\"{&quot;background_background&quot;:&quot;classic&quot;,&quot;stretch_section&quot;:&quot;section-stretched&quot;}\">\n\t\t\t\t\t\t<div class=\"elementor-container elementor-column-gap-default\">\n\t\t\t\t\t<div class=\"elementor-column elementor-col-100 elementor-top-column elementor-element elementor-element-c9e2ac1\" data-id=\"c9e2ac1\" data-element_type=\"column\">\n\t\t\t<div class=\"elementor-widget-wrap elementor-element-populated\">\n\t\t\t\t\t\t<div class=\"elementor-element elementor-element-441cdcd elementor-widget elementor-widget-heading\" data-id=\"441cdcd\" data-element_type=\"widget\" data-widget_type=\"heading.default\">\n\t\t\t\t<div class=\"elementor-widget-container\">\n\t\t\t\t\t<h1 class=\"elementor-heading-title elementor-size-default\">Inkscape Tutorial - \u00dcbersicht &amp; Einf\u00fchrung<\/h1>\t\t\t\t<\/div>\n\t\t\t\t<\/div>\n\t\t\t\t<div class=\"elementor-element elementor-element-2b61a04 elementor-widget elementor-widget-heading\" data-id=\"2b61a04\" data-element_type=\"widget\" data-widget_type=\"heading.default\">\n\t\t\t\t<div class=\"elementor-widget-container\">\n\t\t\t\t\t<h2 class=\"elementor-heading-title elementor-size-default\">\u00dcbersicht \u00fcber Inkscape und alle Funktionen sowie Anwendungsgebiete<\/h2>\t\t\t\t<\/div>\n\t\t\t\t<\/div>\n\t\t\t\t<div class=\"elementor-element elementor-element-6bba1d4 elementor-widget elementor-widget-shortcode\" data-id=\"6bba1d4\" data-element_type=\"widget\" data-widget_type=\"shortcode.default\">\n\t\t\t\t<div class=\"elementor-widget-container\">\n\t\t\t\t\t\t\t<div class=\"elementor-shortcode\"><span><span><a href=\"https:\/\/drawtut.com\/de\/\">DrawTut<\/a><\/span><\/span><\/div>\n\t\t\t\t\t\t<\/div>\n\t\t\t\t<\/div>\n\t\t\t\t\t<\/div>\n\t\t<\/div>\n\t\t\t\t\t<\/div>\n\t\t<\/section>\n\t\t\t\t<section class=\"elementor-section elementor-top-section elementor-element elementor-element-1138d75 elementor-section-boxed elementor-section-height-default elementor-section-height-default\" data-id=\"1138d75\" data-element_type=\"section\" data-settings=\"{&quot;background_background&quot;:&quot;classic&quot;}\">\n\t\t\t\t\t\t<div class=\"elementor-container elementor-column-gap-default\">\n\t\t\t\t\t<div class=\"elementor-column elementor-col-50 elementor-top-column elementor-element elementor-element-986dfb2\" data-id=\"986dfb2\" data-element_type=\"column\" data-settings=\"{&quot;background_background&quot;:&quot;classic&quot;}\">\n\t\t\t<div class=\"elementor-widget-wrap elementor-element-populated\">\n\t\t\t\t\t\t<div class=\"elementor-element elementor-element-fb923ec elementor-widget elementor-widget-heading\" data-id=\"fb923ec\" data-element_type=\"widget\" data-widget_type=\"heading.default\">\n\t\t\t\t<div class=\"elementor-widget-container\">\n\t\t\t\t\t<h3 class=\"elementor-heading-title elementor-size-default\"><a href=\"https:\/\/drawtut.com\/de\/software\/inkscape\/\">\u25c4 zur\u00fcck<\/a><\/h3>\t\t\t\t<\/div>\n\t\t\t\t<\/div>\n\t\t\t\t<div class=\"elementor-element elementor-element-636b75c elementor-widget elementor-widget-heading\" data-id=\"636b75c\" data-element_type=\"widget\" data-widget_type=\"heading.default\">\n\t\t\t\t<div class=\"elementor-widget-container\">\n\t\t\t\t\t<h3 class=\"elementor-heading-title elementor-size-default\">Einf\u00fchrung &amp; \u00dcbersicht<\/h3>\t\t\t\t<\/div>\n\t\t\t\t<\/div>\n\t\t\t\t<div class=\"elementor-element elementor-element-791c1a3 elementor-widget elementor-widget-heading\" data-id=\"791c1a3\" data-element_type=\"widget\" data-widget_type=\"heading.default\">\n\t\t\t\t<div class=\"elementor-widget-container\">\n\t\t\t\t\t<h3 class=\"elementor-heading-title elementor-size-default\"><a href=\"https:\/\/drawtut.com\/de\/software\/inkscape\/bilder-in-vektorgrafiken-umwandeln\/\">Bilder in Vektorgrafiken<\/a><\/h3>\t\t\t\t<\/div>\n\t\t\t\t<\/div>\n\t\t\t\t<div class=\"elementor-element elementor-element-be5a874 elementor-widget elementor-widget-heading\" data-id=\"be5a874\" data-element_type=\"widget\" data-widget_type=\"heading.default\">\n\t\t\t\t<div class=\"elementor-widget-container\">\n\t\t\t\t\t<h3 class=\"elementor-heading-title elementor-size-default\"><a href=\"https:\/\/drawtut.com\/de\/software\/inkscape\/logos-vektorisieren\/\">Logos Vektorisieren<\/a><\/h3>\t\t\t\t<\/div>\n\t\t\t\t<\/div>\n\t\t\t\t<div class=\"elementor-element elementor-element-9611c67 elementor-widget elementor-widget-heading\" data-id=\"9611c67\" data-element_type=\"widget\" data-widget_type=\"heading.default\">\n\t\t\t\t<div class=\"elementor-widget-container\">\n\t\t\t\t\t<h3 class=\"elementor-heading-title elementor-size-default\"><a href=\"https:\/\/drawtut.com\/de\/software\/inkscape\/bilder-und-fotos-in-vektorgrafiken-umwandeln\/\">Fotos in SW und als Vektoren<\/a><\/h3>\t\t\t\t<\/div>\n\t\t\t\t<\/div>\n\t\t\t\t\t<\/div>\n\t\t<\/div>\n\t\t\t\t<div class=\"elementor-column elementor-col-50 elementor-top-column elementor-element elementor-element-34b968b\" data-id=\"34b968b\" data-element_type=\"column\" data-settings=\"{&quot;background_background&quot;:&quot;classic&quot;}\">\n\t\t\t<div class=\"elementor-widget-wrap elementor-element-populated\">\n\t\t\t\t\t\t<div class=\"elementor-element elementor-element-6c673f6 elementor-widget elementor-widget-video\" data-id=\"6c673f6\" data-element_type=\"widget\" data-settings=\"{&quot;youtube_url&quot;:&quot;https:\\\/\\\/www.youtube.com\\\/watch?v=hFE4wVoP0qo&quot;,&quot;show_image_overlay&quot;:&quot;yes&quot;,&quot;image_overlay&quot;:{&quot;url&quot;:&quot;https:\\\/\\\/drawtut.com\\\/wp-content\\\/uploads\\\/2022\\\/02\\\/Inkscape-Tutorial.jpeg&quot;,&quot;id&quot;:12138,&quot;size&quot;:&quot;&quot;,&quot;alt&quot;:&quot;Inkscape Tutorial&quot;,&quot;source&quot;:&quot;library&quot;},&quot;video_type&quot;:&quot;youtube&quot;,&quot;controls&quot;:&quot;yes&quot;}\" data-widget_type=\"video.default\">\n\t\t\t\t<div class=\"elementor-widget-container\">\n\t\t\t\t\t\t\t<div class=\"elementor-wrapper elementor-open-inline\">\n\t\t\t<div class=\"elementor-video\"><\/div>\t\t\t\t<div class=\"elementor-custom-embed-image-overlay\" style=\"background-image: url(https:\/\/drawtut.com\/wp-content\/uploads\/2022\/02\/Inkscape-Tutorial.jpeg);\">\n\t\t\t\t\t\t\t\t\t\t\t\t\t\t\t\t<div class=\"elementor-custom-embed-play\" role=\"button\" aria-label=\"Play Video about Inkscape Tutorial\" tabindex=\"0\">\n\t\t\t\t\t\t\t<i aria-hidden=\"true\" class=\"eicon-play\"><\/i>\t\t\t\t\t\t<\/div>\n\t\t\t\t\t\t\t\t\t<\/div>\n\t\t\t\t\t<\/div>\n\t\t\t\t\t\t<\/div>\n\t\t\t\t<\/div>\n\t\t\t\t<div class=\"elementor-element elementor-element-0fff58f elementor-widget elementor-widget-text-editor\" data-id=\"0fff58f\" data-element_type=\"widget\" data-widget_type=\"text-editor.default\">\n\t\t\t\t<div class=\"elementor-widget-container\">\n\t\t\t\t\t\t\t\t\t<p>In diesem Inkscape-Tutorial bekommst du eine komplette \u00dcbersicht \u00fcber die Benutzeroberfl\u00e4che und dazu viele praktische Tipps. Hier kurz die Inhalte zusammengefasst:<\/p><p><span style=\"font-size: 16px; color: var( --e-global-color-text );\">&#8211; Unterschied zwischen einer Vektor- und Pixelgrafik<\/span><\/p><p><span style=\"font-size: 16px; color: var( --e-global-color-text );\">&#8211; Einstellung f\u00fcr das Dokument (Blattgr\u00f6\u00dfe usw.)<\/span><\/p><p><span style=\"font-size: 16px; color: var( --e-global-color-text );\">&#8211; Einf\u00fchrung in die Benutzeroberfl\u00e4che und die Men\u00fcs<\/span><\/p><p><span style=\"font-size: 16px; color: var( --e-global-color-text );\">&#8211; Erzeugung unterschiedlicher Geometrien (Kreis, Rechteck usw.)<\/span><\/p><p><span style=\"font-size: 16px; color: var( --e-global-color-text );\">&#8211; Bearbeiten von Geometrien<\/span><\/p><p><span style=\"font-size: 16px; color: var( --e-global-color-text );\">&#8211; Farben f\u00fcr Fl\u00e4chen und Konturen<\/span><\/p><p>&#8211; Gruppieren mehrerer Objekte<\/p><p>&#8211; Ebenen und Strukturen<\/p><p>&#8211; Texte erzeugen und bearbeiten<\/p><p>&#8211; Pixelgrafik vektorisieren (SW oder Farbe)<\/p><p>&#8211; Pixelgrafik nachzeichnen<\/p><p>&#8211; Speichern in unterschiedlichen Formaten<\/p>\t\t\t\t\t\t\t\t<\/div>\n\t\t\t\t<\/div>\n\t\t\t\t\t<\/div>\n\t\t<\/div>\n\t\t\t\t\t<\/div>\n\t\t<\/section>\n\t\t\t\t<section class=\"elementor-section elementor-top-section elementor-element elementor-element-edc3ed8 elementor-section-boxed elementor-section-height-default elementor-section-height-default\" data-id=\"edc3ed8\" data-element_type=\"section\">\n\t\t\t\t\t\t<div class=\"elementor-container elementor-column-gap-default\">\n\t\t\t\t\t<div class=\"elementor-column elementor-col-100 elementor-top-column elementor-element elementor-element-354a258\" data-id=\"354a258\" data-element_type=\"column\">\n\t\t\t<div class=\"elementor-widget-wrap elementor-element-populated\">\n\t\t\t\t\t\t<section class=\"elementor-section elementor-inner-section elementor-element elementor-element-0a3ed8a elementor-section-boxed elementor-section-height-default elementor-section-height-default\" data-id=\"0a3ed8a\" data-element_type=\"section\" data-settings=\"{&quot;background_background&quot;:&quot;classic&quot;}\">\n\t\t\t\t\t\t<div class=\"elementor-container elementor-column-gap-default\">\n\t\t\t\t\t<div class=\"elementor-column elementor-col-50 elementor-inner-column elementor-element elementor-element-3ab6c16\" data-id=\"3ab6c16\" data-element_type=\"column\">\n\t\t\t<div class=\"elementor-widget-wrap elementor-element-populated\">\n\t\t\t\t\t\t<div class=\"elementor-element elementor-element-23dcee2 elementor-widget elementor-widget-heading\" data-id=\"23dcee2\" data-element_type=\"widget\" data-widget_type=\"heading.default\">\n\t\t\t\t<div class=\"elementor-widget-container\">\n\t\t\t\t\t<h3 class=\"elementor-heading-title elementor-size-default\"><a href=\"https:\/\/drawtut.com\/de\/kurse\/digitales-zeichnen\/\">Starte jetzt durch und lerne digital Zeichnen!<\/a><\/h3>\t\t\t\t<\/div>\n\t\t\t\t<\/div>\n\t\t\t\t<div class=\"elementor-element elementor-element-9ccf469 elementor-widget elementor-widget-text-editor\" data-id=\"9ccf469\" data-element_type=\"widget\" data-widget_type=\"text-editor.default\">\n\t\t\t\t<div class=\"elementor-widget-container\">\n\t\t\t\t\t\t\t\t\t<p>Mit diesem <b>Online-Kurs<\/b>\u00a0lernst du beeindruckende <b>Bilder am Tablet oder PC zu zeichnen<\/b>. Hier bekommst du alle <b>Grundlagen, viele Tipps und umfangreiche Praxis\u00fcbungen<\/b>. Starte jetzt und werde zum Profi!<\/p>\t\t\t\t\t\t\t\t<\/div>\n\t\t\t\t<\/div>\n\t\t\t\t<div class=\"elementor-element elementor-element-782982f elementor-button-danger elementor-align-justify elementor-widget elementor-widget-button\" data-id=\"782982f\" data-element_type=\"widget\" data-widget_type=\"button.default\">\n\t\t\t\t<div class=\"elementor-widget-container\">\n\t\t\t\t\t\t\t\t\t<div class=\"elementor-button-wrapper\">\n\t\t\t\t\t<a class=\"elementor-button elementor-button-link elementor-size-sm\" href=\"https:\/\/drawtut.com\/de\/kurse\/digitales-zeichnen\/\" rel=\"nofollow\">\n\t\t\t\t\t\t<span class=\"elementor-button-content-wrapper\">\n\t\t\t\t\t\t<span class=\"elementor-button-icon\">\n\t\t\t\t<i aria-hidden=\"true\" class=\"fas fa-angle-double-right\"><\/i>\t\t\t<\/span>\n\t\t\t\t\t\t\t\t\t<span class=\"elementor-button-text\">Hier klicken &amp; Digital Zeichnen lernen<\/span>\n\t\t\t\t\t<\/span>\n\t\t\t\t\t<\/a>\n\t\t\t\t<\/div>\n\t\t\t\t\t\t\t\t<\/div>\n\t\t\t\t<\/div>\n\t\t\t\t\t<\/div>\n\t\t<\/div>\n\t\t\t\t<div class=\"elementor-column elementor-col-50 elementor-inner-column elementor-element elementor-element-91fc1ff\" data-id=\"91fc1ff\" data-element_type=\"column\">\n\t\t\t<div class=\"elementor-widget-wrap elementor-element-populated\">\n\t\t\t\t\t\t<div class=\"elementor-element elementor-element-a3f3142 elementor-widget elementor-widget-image\" data-id=\"a3f3142\" data-element_type=\"widget\" data-widget_type=\"image.default\">\n\t\t\t\t<div class=\"elementor-widget-container\">\n\t\t\t\t\t\t\t\t\t\t\t\t\t\t\t\t<a href=\"https:\/\/drawtut.com\/de\/kurse\/digitales-zeichnen\/\">\n\t\t\t\t\t\t\t<img fetchpriority=\"high\" decoding=\"async\" width=\"500\" height=\"369\" src=\"https:\/\/drawtut.com\/wp-content\/uploads\/2022\/04\/Digitale-Zeichnen-Online-Kurs-Klein1.jpg\" class=\"attachment-full size-full wp-image-12646\" alt=\"Digital Zeichnen Kurs\" srcset=\"https:\/\/drawtut.com\/wp-content\/uploads\/2022\/04\/Digitale-Zeichnen-Online-Kurs-Klein1.jpg 500w, https:\/\/drawtut.com\/wp-content\/uploads\/2022\/04\/Digitale-Zeichnen-Online-Kurs-Klein1-300x221.jpg 300w\" sizes=\"(max-width: 500px) 100vw, 500px\" \/>\t\t\t\t\t\t\t\t<\/a>\n\t\t\t\t\t\t\t\t\t\t\t\t\t\t\t<\/div>\n\t\t\t\t<\/div>\n\t\t\t\t\t<\/div>\n\t\t<\/div>\n\t\t\t\t\t<\/div>\n\t\t<\/section>\n\t\t\t\t\t<\/div>\n\t\t<\/div>\n\t\t\t\t\t<\/div>\n\t\t<\/section>\n\t\t\t\t<\/div>\n\t\t","protected":false},"excerpt":{"rendered":"<p>Inkscape Tutorial &#8211; \u00dcbersicht &#038; Einf\u00fchrung \u00dcbersicht \u00fcber Inkscape und alle Funktionen sowie Anwendungsgebiete \u25c4 zur\u00fcck Einf\u00fchrung &amp; \u00dcbersicht Bilder in Vektorgrafiken Logos Vektorisieren Fotos in SW und als Vektoren&#8230; <\/p>\n","protected":false},"author":1,"featured_media":0,"parent":4116,"menu_order":1,"comment_status":"closed","ping_status":"closed","template":"elementor_header_footer","meta":{"_monsterinsights_skip_tracking":false,"_monsterinsights_sitenote_active":false,"_monsterinsights_sitenote_note":"","_monsterinsights_sitenote_category":0,"footnotes":""},"class_list":["post-4173","page","type-page","status-publish","hentry"],"yoast_head":"<!-- This site is optimized with the Yoast SEO plugin v25.6 - https:\/\/yoast.com\/wordpress\/plugins\/seo\/ -->\n<title>Inkscape Tutorial - \u00dcbersicht &amp; Einf\u00fchrung [VIDEO-TUTORIAL]<\/title>\n<meta name=\"description\" content=\"In diesem #Tutorial bekommst du eine komplette \u00dcbersicht \u00fcber die Benutzeroberfl\u00e4che und dazu viele praktische Tipps. Weiter!\" \/>\n<meta name=\"robots\" content=\"index, follow, max-snippet:-1, max-image-preview:large, max-video-preview:-1\" \/>\n<link rel=\"canonical\" href=\"https:\/\/drawtut.com\/de\/software\/inkscape\/uebersicht-einfuehrung\/\" \/>\n<meta property=\"og:locale\" content=\"de_DE\" \/>\n<meta property=\"og:type\" content=\"article\" \/>\n<meta property=\"og:title\" content=\"Inkscape Tutorial - \u00dcbersicht &amp; Einf\u00fchrung [VIDEO-TUTORIAL]\" \/>\n<meta property=\"og:description\" content=\"In diesem #Tutorial bekommst du eine komplette \u00dcbersicht \u00fcber die Benutzeroberfl\u00e4che und dazu viele praktische Tipps. Weiter!\" \/>\n<meta property=\"og:url\" content=\"https:\/\/drawtut.com\/de\/software\/inkscape\/uebersicht-einfuehrung\/\" \/>\n<meta property=\"og:site_name\" content=\"DrawTut - Drawing Tutorials\" \/>\n<meta property=\"article:publisher\" content=\"https:\/\/www.facebook.com\/DrawTutor\/\" \/>\n<meta property=\"article:modified_time\" content=\"2022-04-23T11:58:52+00:00\" \/>\n<meta property=\"og:image\" content=\"https:\/\/drawtut.com\/wp-content\/uploads\/2022\/04\/Digitale-Zeichnen-Online-Kurs-Klein1.jpg\" \/>\n<meta name=\"twitter:card\" content=\"summary_large_image\" \/>\n<meta name=\"twitter:label1\" content=\"Gesch\u00e4tzte Lesezeit\" \/>\n\t<meta name=\"twitter:data1\" content=\"2\u00a0Minuten\" \/>\n<script type=\"application\/ld+json\" class=\"yoast-schema-graph\">{\"@context\":\"https:\/\/schema.org\",\"@graph\":[{\"@type\":\"WebPage\",\"@id\":\"https:\/\/drawtut.com\/de\/software\/inkscape\/uebersicht-einfuehrung\/\",\"url\":\"https:\/\/drawtut.com\/de\/software\/inkscape\/uebersicht-einfuehrung\/\",\"name\":\"Inkscape Tutorial - \u00dcbersicht & Einf\u00fchrung [VIDEO-TUTORIAL]\",\"isPartOf\":{\"@id\":\"https:\/\/drawtut.com\/de\/#website\"},\"primaryImageOfPage\":{\"@id\":\"https:\/\/drawtut.com\/de\/software\/inkscape\/uebersicht-einfuehrung\/#primaryimage\"},\"image\":{\"@id\":\"https:\/\/drawtut.com\/de\/software\/inkscape\/uebersicht-einfuehrung\/#primaryimage\"},\"thumbnailUrl\":\"https:\/\/drawtut.com\/wp-content\/uploads\/2022\/04\/Digitale-Zeichnen-Online-Kurs-Klein1.jpg\",\"datePublished\":\"2019-12-20T15:48:37+00:00\",\"dateModified\":\"2022-04-23T11:58:52+00:00\",\"description\":\"In diesem #Tutorial bekommst du eine komplette \u00dcbersicht \u00fcber die Benutzeroberfl\u00e4che und dazu viele praktische Tipps. Weiter!\",\"breadcrumb\":{\"@id\":\"https:\/\/drawtut.com\/de\/software\/inkscape\/uebersicht-einfuehrung\/#breadcrumb\"},\"inLanguage\":\"de\",\"potentialAction\":[{\"@type\":\"ReadAction\",\"target\":[\"https:\/\/drawtut.com\/de\/software\/inkscape\/uebersicht-einfuehrung\/\"]}]},{\"@type\":\"ImageObject\",\"inLanguage\":\"de\",\"@id\":\"https:\/\/drawtut.com\/de\/software\/inkscape\/uebersicht-einfuehrung\/#primaryimage\",\"url\":\"https:\/\/drawtut.com\/wp-content\/uploads\/2022\/04\/Digitale-Zeichnen-Online-Kurs-Klein1.jpg\",\"contentUrl\":\"https:\/\/drawtut.com\/wp-content\/uploads\/2022\/04\/Digitale-Zeichnen-Online-Kurs-Klein1.jpg\"},{\"@type\":\"BreadcrumbList\",\"@id\":\"https:\/\/drawtut.com\/de\/software\/inkscape\/uebersicht-einfuehrung\/#breadcrumb\",\"itemListElement\":[{\"@type\":\"ListItem\",\"position\":1,\"name\":\"DrawTut\",\"item\":\"https:\/\/drawtut.com\/de\/\"},{\"@type\":\"ListItem\",\"position\":2,\"name\":\"Software\",\"item\":\"https:\/\/drawtut.com\/de\/software\/\"},{\"@type\":\"ListItem\",\"position\":3,\"name\":\"Inkscape\",\"item\":\"https:\/\/drawtut.com\/de\/software\/inkscape\/\"},{\"@type\":\"ListItem\",\"position\":4,\"name\":\"\u00dcbersicht &#038; Einf\u00fchrung\"}]},{\"@type\":\"WebSite\",\"@id\":\"https:\/\/drawtut.com\/de\/#website\",\"url\":\"https:\/\/drawtut.com\/de\/\",\"name\":\"DrawTut - Drawing Tutorials\",\"description\":\"Learn Hot To Draw - Tutrials, Courses and more\",\"potentialAction\":[{\"@type\":\"SearchAction\",\"target\":{\"@type\":\"EntryPoint\",\"urlTemplate\":\"https:\/\/drawtut.com\/de\/?s={search_term_string}\"},\"query-input\":{\"@type\":\"PropertyValueSpecification\",\"valueRequired\":true,\"valueName\":\"search_term_string\"}}],\"inLanguage\":\"de\"}]}<\/script>\n<!-- \/ Yoast SEO plugin. -->","yoast_head_json":{"title":"Inkscape Tutorial - \u00dcbersicht & Einf\u00fchrung [VIDEO-TUTORIAL]","description":"In diesem #Tutorial bekommst du eine komplette \u00dcbersicht \u00fcber die Benutzeroberfl\u00e4che und dazu viele praktische Tipps. Weiter!","robots":{"index":"index","follow":"follow","max-snippet":"max-snippet:-1","max-image-preview":"max-image-preview:large","max-video-preview":"max-video-preview:-1"},"canonical":"https:\/\/drawtut.com\/de\/software\/inkscape\/uebersicht-einfuehrung\/","og_locale":"de_DE","og_type":"article","og_title":"Inkscape Tutorial - \u00dcbersicht & Einf\u00fchrung [VIDEO-TUTORIAL]","og_description":"In diesem #Tutorial bekommst du eine komplette \u00dcbersicht \u00fcber die Benutzeroberfl\u00e4che und dazu viele praktische Tipps. Weiter!","og_url":"https:\/\/drawtut.com\/de\/software\/inkscape\/uebersicht-einfuehrung\/","og_site_name":"DrawTut - Drawing Tutorials","article_publisher":"https:\/\/www.facebook.com\/DrawTutor\/","article_modified_time":"2022-04-23T11:58:52+00:00","og_image":[{"url":"https:\/\/drawtut.com\/wp-content\/uploads\/2022\/04\/Digitale-Zeichnen-Online-Kurs-Klein1.jpg","type":"","width":"","height":""}],"twitter_card":"summary_large_image","twitter_misc":{"Gesch\u00e4tzte Lesezeit":"2\u00a0Minuten"},"schema":{"@context":"https:\/\/schema.org","@graph":[{"@type":"WebPage","@id":"https:\/\/drawtut.com\/de\/software\/inkscape\/uebersicht-einfuehrung\/","url":"https:\/\/drawtut.com\/de\/software\/inkscape\/uebersicht-einfuehrung\/","name":"Inkscape Tutorial - \u00dcbersicht & Einf\u00fchrung [VIDEO-TUTORIAL]","isPartOf":{"@id":"https:\/\/drawtut.com\/de\/#website"},"primaryImageOfPage":{"@id":"https:\/\/drawtut.com\/de\/software\/inkscape\/uebersicht-einfuehrung\/#primaryimage"},"image":{"@id":"https:\/\/drawtut.com\/de\/software\/inkscape\/uebersicht-einfuehrung\/#primaryimage"},"thumbnailUrl":"https:\/\/drawtut.com\/wp-content\/uploads\/2022\/04\/Digitale-Zeichnen-Online-Kurs-Klein1.jpg","datePublished":"2019-12-20T15:48:37+00:00","dateModified":"2022-04-23T11:58:52+00:00","description":"In diesem #Tutorial bekommst du eine komplette \u00dcbersicht \u00fcber die Benutzeroberfl\u00e4che und dazu viele praktische Tipps. Weiter!","breadcrumb":{"@id":"https:\/\/drawtut.com\/de\/software\/inkscape\/uebersicht-einfuehrung\/#breadcrumb"},"inLanguage":"de","potentialAction":[{"@type":"ReadAction","target":["https:\/\/drawtut.com\/de\/software\/inkscape\/uebersicht-einfuehrung\/"]}]},{"@type":"ImageObject","inLanguage":"de","@id":"https:\/\/drawtut.com\/de\/software\/inkscape\/uebersicht-einfuehrung\/#primaryimage","url":"https:\/\/drawtut.com\/wp-content\/uploads\/2022\/04\/Digitale-Zeichnen-Online-Kurs-Klein1.jpg","contentUrl":"https:\/\/drawtut.com\/wp-content\/uploads\/2022\/04\/Digitale-Zeichnen-Online-Kurs-Klein1.jpg"},{"@type":"BreadcrumbList","@id":"https:\/\/drawtut.com\/de\/software\/inkscape\/uebersicht-einfuehrung\/#breadcrumb","itemListElement":[{"@type":"ListItem","position":1,"name":"DrawTut","item":"https:\/\/drawtut.com\/de\/"},{"@type":"ListItem","position":2,"name":"Software","item":"https:\/\/drawtut.com\/de\/software\/"},{"@type":"ListItem","position":3,"name":"Inkscape","item":"https:\/\/drawtut.com\/de\/software\/inkscape\/"},{"@type":"ListItem","position":4,"name":"\u00dcbersicht &#038; Einf\u00fchrung"}]},{"@type":"WebSite","@id":"https:\/\/drawtut.com\/de\/#website","url":"https:\/\/drawtut.com\/de\/","name":"DrawTut - Drawing Tutorials","description":"Learn Hot To Draw - Tutrials, Courses and more","potentialAction":[{"@type":"SearchAction","target":{"@type":"EntryPoint","urlTemplate":"https:\/\/drawtut.com\/de\/?s={search_term_string}"},"query-input":{"@type":"PropertyValueSpecification","valueRequired":true,"valueName":"search_term_string"}}],"inLanguage":"de"}]}},"_links":{"self":[{"href":"https:\/\/drawtut.com\/de\/wp-json\/wp\/v2\/pages\/4173","targetHints":{"allow":["GET"]}}],"collection":[{"href":"https:\/\/drawtut.com\/de\/wp-json\/wp\/v2\/pages"}],"about":[{"href":"https:\/\/drawtut.com\/de\/wp-json\/wp\/v2\/types\/page"}],"author":[{"embeddable":true,"href":"https:\/\/drawtut.com\/de\/wp-json\/wp\/v2\/users\/1"}],"replies":[{"embeddable":true,"href":"https:\/\/drawtut.com\/de\/wp-json\/wp\/v2\/comments?post=4173"}],"version-history":[{"count":21,"href":"https:\/\/drawtut.com\/de\/wp-json\/wp\/v2\/pages\/4173\/revisions"}],"predecessor-version":[{"id":12783,"href":"https:\/\/drawtut.com\/de\/wp-json\/wp\/v2\/pages\/4173\/revisions\/12783"}],"up":[{"embeddable":true,"href":"https:\/\/drawtut.com\/de\/wp-json\/wp\/v2\/pages\/4116"}],"wp:attachment":[{"href":"https:\/\/drawtut.com\/de\/wp-json\/wp\/v2\/media?parent=4173"}],"curies":[{"name":"wp","href":"https:\/\/api.w.org\/{rel}","templated":true}]}}