{"id":881,"date":"2018-08-31T20:41:48","date_gmt":"2018-08-31T18:41:48","guid":{"rendered":"https:\/\/drawtut.com\/?page_id=881"},"modified":"2022-04-23T13:53:09","modified_gmt":"2022-04-23T11:53:09","slug":"tutorial-2-benutzeroberflaeche-und-dialoge","status":"publish","type":"page","link":"https:\/\/drawtut.com\/de\/software\/procreate\/tutorial-2-benutzeroberflaeche-und-dialoge\/","title":{"rendered":"Tutorial 2 &#8211; Benutzeroberfl\u00e4che und Dialoge"},"content":{"rendered":"\t\t<div data-elementor-type=\"wp-post\" data-elementor-id=\"881\" class=\"elementor elementor-881\">\n\t\t\t\t\t\t<section class=\"elementor-section elementor-top-section elementor-element elementor-element-86eef21 elementor-section-stretched elementor-section-boxed elementor-section-height-default elementor-section-height-default\" data-id=\"86eef21\" data-element_type=\"section\" data-settings=\"{&quot;background_background&quot;:&quot;classic&quot;,&quot;stretch_section&quot;:&quot;section-stretched&quot;}\">\n\t\t\t\t\t\t<div class=\"elementor-container elementor-column-gap-default\">\n\t\t\t\t\t<div class=\"elementor-column elementor-col-100 elementor-top-column elementor-element elementor-element-c9e2ac1\" data-id=\"c9e2ac1\" data-element_type=\"column\">\n\t\t\t<div class=\"elementor-widget-wrap elementor-element-populated\">\n\t\t\t\t\t\t<div class=\"elementor-element elementor-element-441cdcd elementor-widget elementor-widget-heading\" data-id=\"441cdcd\" data-element_type=\"widget\" data-widget_type=\"heading.default\">\n\t\t\t\t<div class=\"elementor-widget-container\">\n\t\t\t\t\t<h1 class=\"elementor-heading-title elementor-size-default\">Procreate Tutorial - Benutzeroberfl\u00e4che<\/h1>\t\t\t\t<\/div>\n\t\t\t\t<\/div>\n\t\t\t\t<div class=\"elementor-element elementor-element-2b61a04 elementor-widget elementor-widget-heading\" data-id=\"2b61a04\" data-element_type=\"widget\" data-widget_type=\"heading.default\">\n\t\t\t\t<div class=\"elementor-widget-container\">\n\t\t\t\t\t<h2 class=\"elementor-heading-title elementor-size-default\">Benutzeroberfl\u00e4che im Detail erkl\u00e4rt<\/h2>\t\t\t\t<\/div>\n\t\t\t\t<\/div>\n\t\t\t\t<div class=\"elementor-element elementor-element-b72f870 elementor-widget elementor-widget-shortcode\" data-id=\"b72f870\" data-element_type=\"widget\" data-widget_type=\"shortcode.default\">\n\t\t\t\t<div class=\"elementor-widget-container\">\n\t\t\t\t\t\t\t<div class=\"elementor-shortcode\"><span><span><a href=\"https:\/\/drawtut.com\/de\/\">DrawTut<\/a><\/span><\/span><\/div>\n\t\t\t\t\t\t<\/div>\n\t\t\t\t<\/div>\n\t\t\t\t\t<\/div>\n\t\t<\/div>\n\t\t\t\t\t<\/div>\n\t\t<\/section>\n\t\t\t\t<section class=\"elementor-section elementor-top-section elementor-element elementor-element-1138d75 elementor-section-boxed elementor-section-height-default elementor-section-height-default\" data-id=\"1138d75\" data-element_type=\"section\" data-settings=\"{&quot;background_background&quot;:&quot;classic&quot;}\">\n\t\t\t\t\t\t<div class=\"elementor-container elementor-column-gap-default\">\n\t\t\t\t\t<div class=\"elementor-column elementor-col-25 elementor-top-column elementor-element elementor-element-6caf541\" data-id=\"6caf541\" data-element_type=\"column\" data-settings=\"{&quot;background_background&quot;:&quot;classic&quot;}\">\n\t\t\t<div class=\"elementor-widget-wrap elementor-element-populated\">\n\t\t\t\t\t\t<div class=\"elementor-element elementor-element-2a87910 elementor-widget elementor-widget-heading\" data-id=\"2a87910\" data-element_type=\"widget\" data-widget_type=\"heading.default\">\n\t\t\t\t<div class=\"elementor-widget-container\">\n\t\t\t\t\t<h3 class=\"elementor-heading-title elementor-size-default\"><a href=\"https:\/\/drawtut.com\/de\/software\/procreate\/\">\u25c4 zur\u00fcck<\/a><\/h3>\t\t\t\t<\/div>\n\t\t\t\t<\/div>\n\t\t\t\t<div class=\"elementor-element elementor-element-6201906 elementor-widget elementor-widget-heading\" data-id=\"6201906\" data-element_type=\"widget\" data-widget_type=\"heading.default\">\n\t\t\t\t<div class=\"elementor-widget-container\">\n\t\t\t\t\t<h3 class=\"elementor-heading-title elementor-size-default\"><a href=\"https:\/\/drawtut.com\/de\/software\/procreate\/tutorial-1-einfuehrung-erste-schritte\/\">1. Einf\u00fchrung<\/a><\/h3>\t\t\t\t<\/div>\n\t\t\t\t<\/div>\n\t\t\t\t<div class=\"elementor-element elementor-element-b1aae96 elementor-widget elementor-widget-heading\" data-id=\"b1aae96\" data-element_type=\"widget\" data-widget_type=\"heading.default\">\n\t\t\t\t<div class=\"elementor-widget-container\">\n\t\t\t\t\t<h3 class=\"elementor-heading-title elementor-size-default\">2. Benutzeroberfl\u00e4che<\/h3>\t\t\t\t<\/div>\n\t\t\t\t<\/div>\n\t\t\t\t<div class=\"elementor-element elementor-element-fd951f3 elementor-widget elementor-widget-heading\" data-id=\"fd951f3\" data-element_type=\"widget\" data-widget_type=\"heading.default\">\n\t\t\t\t<div class=\"elementor-widget-container\">\n\t\t\t\t\t<h3 class=\"elementor-heading-title elementor-size-default\"><a href=\"https:\/\/drawtut.com\/de\/software\/procreate\/tutorial-3-pinsel-nutzen-importieren-und-erstellen\/\">3. Pinsel<\/a><\/h3>\t\t\t\t<\/div>\n\t\t\t\t<\/div>\n\t\t\t\t<div class=\"elementor-element elementor-element-9e79ea0 elementor-widget elementor-widget-heading\" data-id=\"9e79ea0\" data-element_type=\"widget\" data-widget_type=\"heading.default\">\n\t\t\t\t<div class=\"elementor-widget-container\">\n\t\t\t\t\t<h3 class=\"elementor-heading-title elementor-size-default\"><a href=\"https:\/\/drawtut.com\/de\/software\/procreate\/tutorial-4-ebenen-erstellen-gruppieren-und-duplizieren\/\">4. Ebenen<\/a><\/h3>\t\t\t\t<\/div>\n\t\t\t\t<\/div>\n\t\t\t\t<div class=\"elementor-element elementor-element-37e029b elementor-widget elementor-widget-heading\" data-id=\"37e029b\" data-element_type=\"widget\" data-widget_type=\"heading.default\">\n\t\t\t\t<div class=\"elementor-widget-container\">\n\t\t\t\t\t<h3 class=\"elementor-heading-title elementor-size-default\"><a href=\"https:\/\/drawtut.com\/de\/software\/procreate\/tutorial-5-markierungs-und-auswahlwerkzeuge\/\">5. Auswahlwerkzeuge<\/a><\/h3>\t\t\t\t<\/div>\n\t\t\t\t<\/div>\n\t\t\t\t<div class=\"elementor-element elementor-element-9aa282a elementor-widget elementor-widget-heading\" data-id=\"9aa282a\" data-element_type=\"widget\" data-widget_type=\"heading.default\">\n\t\t\t\t<div class=\"elementor-widget-container\">\n\t\t\t\t\t<h3 class=\"elementor-heading-title elementor-size-default\"><a href=\"https:\/\/drawtut.com\/de\/software\/procreate\/tutorial-6-filter-und-anpassung\/\">6. Filter &amp; Anpassung<\/a><\/h3>\t\t\t\t<\/div>\n\t\t\t\t<\/div>\n\t\t\t\t<div class=\"elementor-element elementor-element-455a820 elementor-widget elementor-widget-heading\" data-id=\"455a820\" data-element_type=\"widget\" data-widget_type=\"heading.default\">\n\t\t\t\t<div class=\"elementor-widget-container\">\n\t\t\t\t\t<h3 class=\"elementor-heading-title elementor-size-default\"><a href=\"https:\/\/drawtut.com\/de\/software\/procreate\/tutorial-7-zeitraffer-video\/\">7. Zeitraffer Video<\/a><\/h3>\t\t\t\t<\/div>\n\t\t\t\t<\/div>\n\t\t\t\t<div class=\"elementor-element elementor-element-e397e08 elementor-widget elementor-widget-heading\" data-id=\"e397e08\" data-element_type=\"widget\" data-widget_type=\"heading.default\">\n\t\t\t\t<div class=\"elementor-widget-container\">\n\t\t\t\t\t<h3 class=\"elementor-heading-title elementor-size-default\"><a href=\"https:\/\/drawtut.com\/de\/software\/procreate\/tutorial-8-animation\/\">8. Animation<\/a><\/h3>\t\t\t\t<\/div>\n\t\t\t\t<\/div>\n\t\t\t\t\t<\/div>\n\t\t<\/div>\n\t\t\t\t<div class=\"elementor-column elementor-col-25 elementor-top-column elementor-element elementor-element-4ee5537\" data-id=\"4ee5537\" data-element_type=\"column\" data-settings=\"{&quot;background_background&quot;:&quot;classic&quot;}\">\n\t\t\t<div class=\"elementor-widget-wrap elementor-element-populated\">\n\t\t\t\t\t\t<div class=\"elementor-element elementor-element-76bf68c elementor-view-default elementor-widget elementor-widget-icon\" data-id=\"76bf68c\" data-element_type=\"widget\" data-widget_type=\"icon.default\">\n\t\t\t\t<div class=\"elementor-widget-container\">\n\t\t\t\t\t\t\t<div class=\"elementor-icon-wrapper\">\n\t\t\t<a class=\"elementor-icon\" href=\"https:\/\/drawtut.com\/de\/software\/procreate\/tutorial-1-einfuehrung-erste-schritte\/\">\n\t\t\t\t\t\t\t<i class=\"fa fa-chevron-left\" aria-hidden=\"true\"><\/i>\n\t\t\t\t\t\t<\/a>\n\t\t<\/div>\n\t\t\t\t\t\t<\/div>\n\t\t\t\t<\/div>\n\t\t\t\t\t<\/div>\n\t\t<\/div>\n\t\t\t\t<div class=\"elementor-column elementor-col-25 elementor-top-column elementor-element elementor-element-34b968b\" data-id=\"34b968b\" data-element_type=\"column\" data-settings=\"{&quot;background_background&quot;:&quot;classic&quot;}\">\n\t\t\t<div class=\"elementor-widget-wrap elementor-element-populated\">\n\t\t\t\t\t\t<div class=\"elementor-element elementor-element-4238059 elementor-widget elementor-widget-video\" data-id=\"4238059\" data-element_type=\"widget\" data-settings=\"{&quot;youtube_url&quot;:&quot;https:\\\/\\\/www.youtube.com\\\/watch?v=gC_F7chg2VM&quot;,&quot;show_image_overlay&quot;:&quot;yes&quot;,&quot;image_overlay&quot;:{&quot;url&quot;:&quot;https:\\\/\\\/drawtut.com\\\/wp-content\\\/uploads\\\/2022\\\/02\\\/Procreate-Bentuzeroberflaeche.jpeg&quot;,&quot;id&quot;:12243,&quot;size&quot;:&quot;&quot;,&quot;alt&quot;:&quot;Procreate Bentuzeroberfl\\u00e4che&quot;,&quot;source&quot;:&quot;library&quot;},&quot;video_type&quot;:&quot;youtube&quot;,&quot;controls&quot;:&quot;yes&quot;}\" data-widget_type=\"video.default\">\n\t\t\t\t<div class=\"elementor-widget-container\">\n\t\t\t\t\t\t\t<div class=\"elementor-wrapper elementor-open-inline\">\n\t\t\t<div class=\"elementor-video\"><\/div>\t\t\t\t<div class=\"elementor-custom-embed-image-overlay\" style=\"background-image: url(https:\/\/drawtut.com\/wp-content\/uploads\/2022\/02\/Procreate-Bentuzeroberflaeche.jpeg);\">\n\t\t\t\t\t\t\t\t\t\t\t\t\t\t\t\t<div class=\"elementor-custom-embed-play\" role=\"button\" aria-label=\"Play Video about Procreate Bentuzeroberfl\u00e4che\" tabindex=\"0\">\n\t\t\t\t\t\t\t<i aria-hidden=\"true\" class=\"eicon-play\"><\/i>\t\t\t\t\t\t<\/div>\n\t\t\t\t\t\t\t\t\t<\/div>\n\t\t\t\t\t<\/div>\n\t\t\t\t\t\t<\/div>\n\t\t\t\t<\/div>\n\t\t\t\t<div class=\"elementor-element elementor-element-0fff58f elementor-widget elementor-widget-text-editor\" data-id=\"0fff58f\" data-element_type=\"widget\" data-widget_type=\"text-editor.default\">\n\t\t\t\t<div class=\"elementor-widget-container\">\n\t\t\t\t\t\t\t\t\tIn diesem Tutorial gehen wir auf die folgenden Punkte der Benutzeroberfl\u00e4che ein:\nGalerie, Vorlagen erstellen, Pinsel, Ebenen und vieles mehr.\t\t\t\t\t\t\t\t<\/div>\n\t\t\t\t<\/div>\n\t\t\t\t\t<\/div>\n\t\t<\/div>\n\t\t\t\t<div class=\"elementor-column elementor-col-25 elementor-top-column elementor-element elementor-element-3bbb52d\" data-id=\"3bbb52d\" data-element_type=\"column\" data-settings=\"{&quot;background_background&quot;:&quot;classic&quot;}\">\n\t\t\t<div class=\"elementor-widget-wrap elementor-element-populated\">\n\t\t\t\t\t\t<div class=\"elementor-element elementor-element-0331962 elementor-view-default elementor-widget elementor-widget-icon\" data-id=\"0331962\" data-element_type=\"widget\" data-widget_type=\"icon.default\">\n\t\t\t\t<div class=\"elementor-widget-container\">\n\t\t\t\t\t\t\t<div class=\"elementor-icon-wrapper\">\n\t\t\t<a class=\"elementor-icon\" href=\"https:\/\/drawtut.com\/de\/software\/procreate\/tutorial-3-pinsel-nutzen-importieren-und-erstellen\/\">\n\t\t\t\t\t\t\t<i class=\"fa fa-chevron-right\" aria-hidden=\"true\"><\/i>\n\t\t\t\t\t\t<\/a>\n\t\t<\/div>\n\t\t\t\t\t\t<\/div>\n\t\t\t\t<\/div>\n\t\t\t\t\t<\/div>\n\t\t<\/div>\n\t\t\t\t\t<\/div>\n\t\t<\/section>\n\t\t\t\t<section class=\"elementor-section elementor-top-section elementor-element elementor-element-d790922 elementor-section-boxed elementor-section-height-default elementor-section-height-default\" data-id=\"d790922\" data-element_type=\"section\">\n\t\t\t\t\t\t<div class=\"elementor-container elementor-column-gap-default\">\n\t\t\t\t\t<div class=\"elementor-column elementor-col-100 elementor-top-column elementor-element elementor-element-51a3e4e\" data-id=\"51a3e4e\" data-element_type=\"column\">\n\t\t\t<div class=\"elementor-widget-wrap elementor-element-populated\">\n\t\t\t\t\t\t<section class=\"elementor-section elementor-inner-section elementor-element elementor-element-f86f1d2 elementor-section-boxed elementor-section-height-default elementor-section-height-default\" data-id=\"f86f1d2\" data-element_type=\"section\" data-settings=\"{&quot;background_background&quot;:&quot;classic&quot;}\">\n\t\t\t\t\t\t<div class=\"elementor-container elementor-column-gap-default\">\n\t\t\t\t\t<div class=\"elementor-column elementor-col-50 elementor-inner-column elementor-element elementor-element-898f6db\" data-id=\"898f6db\" data-element_type=\"column\">\n\t\t\t<div class=\"elementor-widget-wrap elementor-element-populated\">\n\t\t\t\t\t\t<div class=\"elementor-element elementor-element-fde7a94 elementor-widget elementor-widget-heading\" data-id=\"fde7a94\" data-element_type=\"widget\" data-widget_type=\"heading.default\">\n\t\t\t\t<div class=\"elementor-widget-container\">\n\t\t\t\t\t<h3 class=\"elementor-heading-title elementor-size-default\"><a href=\"https:\/\/drawtut.com\/de\/kurse\/digitales-zeichnen\/\">Starte jetzt durch und lerne digital Zeichnen!<\/a><\/h3>\t\t\t\t<\/div>\n\t\t\t\t<\/div>\n\t\t\t\t<div class=\"elementor-element elementor-element-54f984e elementor-widget elementor-widget-text-editor\" data-id=\"54f984e\" data-element_type=\"widget\" data-widget_type=\"text-editor.default\">\n\t\t\t\t<div class=\"elementor-widget-container\">\n\t\t\t\t\t\t\t\t\t<p>Mit diesem <b>Online-Kurs<\/b>\u00a0lernst du beeindruckende <b>Bilder am Tablet oder PC zu zeichnen<\/b>. Hier bekommst du alle <b>Grundlagen, viele Tipps und umfangreiche Praxis\u00fcbungen<\/b>. Starte jetzt und werde zum Profi!<\/p>\t\t\t\t\t\t\t\t<\/div>\n\t\t\t\t<\/div>\n\t\t\t\t<div class=\"elementor-element elementor-element-05d9cf4 elementor-button-danger elementor-align-justify elementor-widget elementor-widget-button\" data-id=\"05d9cf4\" data-element_type=\"widget\" data-widget_type=\"button.default\">\n\t\t\t\t<div class=\"elementor-widget-container\">\n\t\t\t\t\t\t\t\t\t<div class=\"elementor-button-wrapper\">\n\t\t\t\t\t<a class=\"elementor-button elementor-button-link elementor-size-sm\" href=\"https:\/\/drawtut.com\/de\/kurse\/digitales-zeichnen\/\" rel=\"nofollow\">\n\t\t\t\t\t\t<span class=\"elementor-button-content-wrapper\">\n\t\t\t\t\t\t<span class=\"elementor-button-icon\">\n\t\t\t\t<i aria-hidden=\"true\" class=\"fas fa-angle-double-right\"><\/i>\t\t\t<\/span>\n\t\t\t\t\t\t\t\t\t<span class=\"elementor-button-text\">Hier klicken &amp; Digital Zeichnen lernen<\/span>\n\t\t\t\t\t<\/span>\n\t\t\t\t\t<\/a>\n\t\t\t\t<\/div>\n\t\t\t\t\t\t\t\t<\/div>\n\t\t\t\t<\/div>\n\t\t\t\t\t<\/div>\n\t\t<\/div>\n\t\t\t\t<div class=\"elementor-column elementor-col-50 elementor-inner-column elementor-element elementor-element-43f3612\" data-id=\"43f3612\" data-element_type=\"column\">\n\t\t\t<div class=\"elementor-widget-wrap elementor-element-populated\">\n\t\t\t\t\t\t<div class=\"elementor-element elementor-element-4c8b597 elementor-widget elementor-widget-image\" data-id=\"4c8b597\" data-element_type=\"widget\" data-widget_type=\"image.default\">\n\t\t\t\t<div class=\"elementor-widget-container\">\n\t\t\t\t\t\t\t\t\t\t\t\t\t\t\t\t<a href=\"https:\/\/drawtut.com\/de\/kurse\/digitales-zeichnen\/\">\n\t\t\t\t\t\t\t<img fetchpriority=\"high\" decoding=\"async\" width=\"500\" height=\"369\" src=\"https:\/\/drawtut.com\/wp-content\/uploads\/2022\/04\/Digitale-Zeichnen-Online-Kurs-Klein1.jpg\" class=\"attachment-full size-full wp-image-12646\" alt=\"Digital Zeichnen Kurs\" srcset=\"https:\/\/drawtut.com\/wp-content\/uploads\/2022\/04\/Digitale-Zeichnen-Online-Kurs-Klein1.jpg 500w, https:\/\/drawtut.com\/wp-content\/uploads\/2022\/04\/Digitale-Zeichnen-Online-Kurs-Klein1-300x221.jpg 300w\" sizes=\"(max-width: 500px) 100vw, 500px\" \/>\t\t\t\t\t\t\t\t<\/a>\n\t\t\t\t\t\t\t\t\t\t\t\t\t\t\t<\/div>\n\t\t\t\t<\/div>\n\t\t\t\t\t<\/div>\n\t\t<\/div>\n\t\t\t\t\t<\/div>\n\t\t<\/section>\n\t\t\t\t\t<\/div>\n\t\t<\/div>\n\t\t\t\t\t<\/div>\n\t\t<\/section>\n\t\t\t\t<\/div>\n\t\t","protected":false},"excerpt":{"rendered":"<p>Procreate Tutorial &#8211; Benutzeroberfl\u00e4che Benutzeroberfl\u00e4che im Detail erkl\u00e4rt \u25c4 zur\u00fcck 1. Einf\u00fchrung 2. Benutzeroberfl\u00e4che 3. Pinsel 4. Ebenen 5. Auswahlwerkzeuge 6. Filter &amp; Anpassung 7. Zeitraffer Video 8. Animation https:\/\/www.youtube.com\/watch?v=gC_F7chg2VMIn&#8230; <\/p>\n","protected":false},"author":1,"featured_media":0,"parent":846,"menu_order":1,"comment_status":"closed","ping_status":"closed","template":"elementor_header_footer","meta":{"_monsterinsights_skip_tracking":false,"_monsterinsights_sitenote_active":false,"_monsterinsights_sitenote_note":"","_monsterinsights_sitenote_category":0,"footnotes":""},"class_list":["post-881","page","type-page","status-publish","hentry"],"yoast_head":"<!-- This site is optimized with the Yoast SEO plugin v25.6 - https:\/\/yoast.com\/wordpress\/plugins\/seo\/ -->\n<title>Procreate Benutzeroberfl\u00e4che und Dialoge [VIDEO-TUTORIAL]<\/title>\n<meta name=\"description\" content=\"\u00dcbersicht \u00fcber die Procreate Benutzeroberfl\u00e4che. Alle Elemente detailliert erkl\u00e4rt und vorgestellt. Hier geht es zum Tutorial. Weiter!\" \/>\n<meta name=\"robots\" content=\"index, follow, max-snippet:-1, max-image-preview:large, max-video-preview:-1\" \/>\n<link rel=\"canonical\" href=\"https:\/\/drawtut.com\/de\/software\/procreate\/tutorial-2-benutzeroberflaeche-und-dialoge\/\" \/>\n<meta property=\"og:locale\" content=\"de_DE\" \/>\n<meta property=\"og:type\" content=\"article\" \/>\n<meta property=\"og:title\" content=\"Procreate Benutzeroberfl\u00e4che und Dialoge [VIDEO-TUTORIAL]\" \/>\n<meta property=\"og:description\" content=\"\u00dcbersicht \u00fcber die Procreate Benutzeroberfl\u00e4che. Alle Elemente detailliert erkl\u00e4rt und vorgestellt. Hier geht es zum Tutorial. Weiter!\" \/>\n<meta property=\"og:url\" content=\"https:\/\/drawtut.com\/de\/software\/procreate\/tutorial-2-benutzeroberflaeche-und-dialoge\/\" \/>\n<meta property=\"og:site_name\" content=\"DrawTut - Drawing Tutorials\" \/>\n<meta property=\"article:publisher\" content=\"https:\/\/www.facebook.com\/DrawTutor\/\" \/>\n<meta property=\"article:modified_time\" content=\"2022-04-23T11:53:09+00:00\" \/>\n<meta property=\"og:image\" content=\"https:\/\/drawtut.com\/wp-content\/uploads\/2022\/04\/Digitale-Zeichnen-Online-Kurs-Klein1.jpg\" \/>\n<meta name=\"twitter:card\" content=\"summary_large_image\" \/>\n<meta name=\"twitter:label1\" content=\"Gesch\u00e4tzte Lesezeit\" \/>\n\t<meta name=\"twitter:data1\" content=\"1\u00a0Minute\" \/>\n<script type=\"application\/ld+json\" class=\"yoast-schema-graph\">{\"@context\":\"https:\/\/schema.org\",\"@graph\":[{\"@type\":\"WebPage\",\"@id\":\"https:\/\/drawtut.com\/de\/software\/procreate\/tutorial-2-benutzeroberflaeche-und-dialoge\/\",\"url\":\"https:\/\/drawtut.com\/de\/software\/procreate\/tutorial-2-benutzeroberflaeche-und-dialoge\/\",\"name\":\"Procreate Benutzeroberfl\u00e4che und Dialoge [VIDEO-TUTORIAL]\",\"isPartOf\":{\"@id\":\"https:\/\/drawtut.com\/de\/#website\"},\"primaryImageOfPage\":{\"@id\":\"https:\/\/drawtut.com\/de\/software\/procreate\/tutorial-2-benutzeroberflaeche-und-dialoge\/#primaryimage\"},\"image\":{\"@id\":\"https:\/\/drawtut.com\/de\/software\/procreate\/tutorial-2-benutzeroberflaeche-und-dialoge\/#primaryimage\"},\"thumbnailUrl\":\"https:\/\/drawtut.com\/wp-content\/uploads\/2022\/04\/Digitale-Zeichnen-Online-Kurs-Klein1.jpg\",\"datePublished\":\"2018-08-31T18:41:48+00:00\",\"dateModified\":\"2022-04-23T11:53:09+00:00\",\"description\":\"\u00dcbersicht \u00fcber die Procreate Benutzeroberfl\u00e4che. Alle Elemente detailliert erkl\u00e4rt und vorgestellt. Hier geht es zum Tutorial. Weiter!\",\"breadcrumb\":{\"@id\":\"https:\/\/drawtut.com\/de\/software\/procreate\/tutorial-2-benutzeroberflaeche-und-dialoge\/#breadcrumb\"},\"inLanguage\":\"de\",\"potentialAction\":[{\"@type\":\"ReadAction\",\"target\":[\"https:\/\/drawtut.com\/de\/software\/procreate\/tutorial-2-benutzeroberflaeche-und-dialoge\/\"]}]},{\"@type\":\"ImageObject\",\"inLanguage\":\"de\",\"@id\":\"https:\/\/drawtut.com\/de\/software\/procreate\/tutorial-2-benutzeroberflaeche-und-dialoge\/#primaryimage\",\"url\":\"https:\/\/drawtut.com\/wp-content\/uploads\/2022\/04\/Digitale-Zeichnen-Online-Kurs-Klein1.jpg\",\"contentUrl\":\"https:\/\/drawtut.com\/wp-content\/uploads\/2022\/04\/Digitale-Zeichnen-Online-Kurs-Klein1.jpg\"},{\"@type\":\"BreadcrumbList\",\"@id\":\"https:\/\/drawtut.com\/de\/software\/procreate\/tutorial-2-benutzeroberflaeche-und-dialoge\/#breadcrumb\",\"itemListElement\":[{\"@type\":\"ListItem\",\"position\":1,\"name\":\"DrawTut\",\"item\":\"https:\/\/drawtut.com\/de\/\"},{\"@type\":\"ListItem\",\"position\":2,\"name\":\"Software\",\"item\":\"https:\/\/drawtut.com\/de\/software\/\"},{\"@type\":\"ListItem\",\"position\":3,\"name\":\"Procreate\",\"item\":\"https:\/\/drawtut.com\/de\/software\/procreate\/\"},{\"@type\":\"ListItem\",\"position\":4,\"name\":\"Tutorial 2 &#8211; Benutzeroberfl\u00e4che und Dialoge\"}]},{\"@type\":\"WebSite\",\"@id\":\"https:\/\/drawtut.com\/de\/#website\",\"url\":\"https:\/\/drawtut.com\/de\/\",\"name\":\"DrawTut - Drawing Tutorials\",\"description\":\"Learn Hot To Draw - Tutrials, Courses and more\",\"potentialAction\":[{\"@type\":\"SearchAction\",\"target\":{\"@type\":\"EntryPoint\",\"urlTemplate\":\"https:\/\/drawtut.com\/de\/?s={search_term_string}\"},\"query-input\":{\"@type\":\"PropertyValueSpecification\",\"valueRequired\":true,\"valueName\":\"search_term_string\"}}],\"inLanguage\":\"de\"}]}<\/script>\n<!-- \/ Yoast SEO plugin. -->","yoast_head_json":{"title":"Procreate Benutzeroberfl\u00e4che und Dialoge [VIDEO-TUTORIAL]","description":"\u00dcbersicht \u00fcber die Procreate Benutzeroberfl\u00e4che. Alle Elemente detailliert erkl\u00e4rt und vorgestellt. Hier geht es zum Tutorial. Weiter!","robots":{"index":"index","follow":"follow","max-snippet":"max-snippet:-1","max-image-preview":"max-image-preview:large","max-video-preview":"max-video-preview:-1"},"canonical":"https:\/\/drawtut.com\/de\/software\/procreate\/tutorial-2-benutzeroberflaeche-und-dialoge\/","og_locale":"de_DE","og_type":"article","og_title":"Procreate Benutzeroberfl\u00e4che und Dialoge [VIDEO-TUTORIAL]","og_description":"\u00dcbersicht \u00fcber die Procreate Benutzeroberfl\u00e4che. Alle Elemente detailliert erkl\u00e4rt und vorgestellt. Hier geht es zum Tutorial. Weiter!","og_url":"https:\/\/drawtut.com\/de\/software\/procreate\/tutorial-2-benutzeroberflaeche-und-dialoge\/","og_site_name":"DrawTut - Drawing Tutorials","article_publisher":"https:\/\/www.facebook.com\/DrawTutor\/","article_modified_time":"2022-04-23T11:53:09+00:00","og_image":[{"url":"https:\/\/drawtut.com\/wp-content\/uploads\/2022\/04\/Digitale-Zeichnen-Online-Kurs-Klein1.jpg","type":"","width":"","height":""}],"twitter_card":"summary_large_image","twitter_misc":{"Gesch\u00e4tzte Lesezeit":"1\u00a0Minute"},"schema":{"@context":"https:\/\/schema.org","@graph":[{"@type":"WebPage","@id":"https:\/\/drawtut.com\/de\/software\/procreate\/tutorial-2-benutzeroberflaeche-und-dialoge\/","url":"https:\/\/drawtut.com\/de\/software\/procreate\/tutorial-2-benutzeroberflaeche-und-dialoge\/","name":"Procreate Benutzeroberfl\u00e4che und Dialoge [VIDEO-TUTORIAL]","isPartOf":{"@id":"https:\/\/drawtut.com\/de\/#website"},"primaryImageOfPage":{"@id":"https:\/\/drawtut.com\/de\/software\/procreate\/tutorial-2-benutzeroberflaeche-und-dialoge\/#primaryimage"},"image":{"@id":"https:\/\/drawtut.com\/de\/software\/procreate\/tutorial-2-benutzeroberflaeche-und-dialoge\/#primaryimage"},"thumbnailUrl":"https:\/\/drawtut.com\/wp-content\/uploads\/2022\/04\/Digitale-Zeichnen-Online-Kurs-Klein1.jpg","datePublished":"2018-08-31T18:41:48+00:00","dateModified":"2022-04-23T11:53:09+00:00","description":"\u00dcbersicht \u00fcber die Procreate Benutzeroberfl\u00e4che. Alle Elemente detailliert erkl\u00e4rt und vorgestellt. Hier geht es zum Tutorial. Weiter!","breadcrumb":{"@id":"https:\/\/drawtut.com\/de\/software\/procreate\/tutorial-2-benutzeroberflaeche-und-dialoge\/#breadcrumb"},"inLanguage":"de","potentialAction":[{"@type":"ReadAction","target":["https:\/\/drawtut.com\/de\/software\/procreate\/tutorial-2-benutzeroberflaeche-und-dialoge\/"]}]},{"@type":"ImageObject","inLanguage":"de","@id":"https:\/\/drawtut.com\/de\/software\/procreate\/tutorial-2-benutzeroberflaeche-und-dialoge\/#primaryimage","url":"https:\/\/drawtut.com\/wp-content\/uploads\/2022\/04\/Digitale-Zeichnen-Online-Kurs-Klein1.jpg","contentUrl":"https:\/\/drawtut.com\/wp-content\/uploads\/2022\/04\/Digitale-Zeichnen-Online-Kurs-Klein1.jpg"},{"@type":"BreadcrumbList","@id":"https:\/\/drawtut.com\/de\/software\/procreate\/tutorial-2-benutzeroberflaeche-und-dialoge\/#breadcrumb","itemListElement":[{"@type":"ListItem","position":1,"name":"DrawTut","item":"https:\/\/drawtut.com\/de\/"},{"@type":"ListItem","position":2,"name":"Software","item":"https:\/\/drawtut.com\/de\/software\/"},{"@type":"ListItem","position":3,"name":"Procreate","item":"https:\/\/drawtut.com\/de\/software\/procreate\/"},{"@type":"ListItem","position":4,"name":"Tutorial 2 &#8211; Benutzeroberfl\u00e4che und Dialoge"}]},{"@type":"WebSite","@id":"https:\/\/drawtut.com\/de\/#website","url":"https:\/\/drawtut.com\/de\/","name":"DrawTut - Drawing Tutorials","description":"Learn Hot To Draw - Tutrials, Courses and more","potentialAction":[{"@type":"SearchAction","target":{"@type":"EntryPoint","urlTemplate":"https:\/\/drawtut.com\/de\/?s={search_term_string}"},"query-input":{"@type":"PropertyValueSpecification","valueRequired":true,"valueName":"search_term_string"}}],"inLanguage":"de"}]}},"_links":{"self":[{"href":"https:\/\/drawtut.com\/de\/wp-json\/wp\/v2\/pages\/881","targetHints":{"allow":["GET"]}}],"collection":[{"href":"https:\/\/drawtut.com\/de\/wp-json\/wp\/v2\/pages"}],"about":[{"href":"https:\/\/drawtut.com\/de\/wp-json\/wp\/v2\/types\/page"}],"author":[{"embeddable":true,"href":"https:\/\/drawtut.com\/de\/wp-json\/wp\/v2\/users\/1"}],"replies":[{"embeddable":true,"href":"https:\/\/drawtut.com\/de\/wp-json\/wp\/v2\/comments?post=881"}],"version-history":[{"count":19,"href":"https:\/\/drawtut.com\/de\/wp-json\/wp\/v2\/pages\/881\/revisions"}],"predecessor-version":[{"id":12741,"href":"https:\/\/drawtut.com\/de\/wp-json\/wp\/v2\/pages\/881\/revisions\/12741"}],"up":[{"embeddable":true,"href":"https:\/\/drawtut.com\/de\/wp-json\/wp\/v2\/pages\/846"}],"wp:attachment":[{"href":"https:\/\/drawtut.com\/de\/wp-json\/wp\/v2\/media?parent=881"}],"curies":[{"name":"wp","href":"https:\/\/api.w.org\/{rel}","templated":true}]}}